{"id":23172,"date":"2024-04-12T13:48:29","date_gmt":"2024-04-12T11:48:29","guid":{"rendered":"https:\/\/sinatraprague.cz\/ochrana-osobnich-udaju\/"},"modified":"2024-04-12T13:48:29","modified_gmt":"2024-04-12T11:48:29","slug":"ochrana-osobnich-udaju","status":"publish","type":"page","link":"https:\/\/sinatraprague.cz\/cs\/ochrana-osobnich-udaju\/","title":{"rendered":"Ochrana osobn\u00edch \u00fadaj\u016f"},"content":{"rendered":"\t\t<div data-elementor-type=\"wp-page\" data-elementor-id=\"23172\" class=\"elementor elementor-23172 elementor-23171\" data-elementor-post-type=\"page\">\n\t\t\t\t\t\t<section class=\"elementor-section elementor-top-section elementor-element elementor-element-6719a15d elementor-section-height-min-height elementor-section-boxed elementor-section-height-default elementor-section-items-middle\" data-id=\"6719a15d\" data-element_type=\"section\" data-e-type=\"section\" data-settings=\"{&quot;background_background&quot;:&quot;classic&quot;,&quot;shape_divider_bottom&quot;:&quot;tilt&quot;}\">\n\t\t\t\t\t\t\t<div class=\"elementor-background-overlay\"><\/div>\n\t\t\t\t\t\t<div class=\"elementor-shape elementor-shape-bottom\" aria-hidden=\"true\" data-negative=\"false\">\n\t\t\t<svg xmlns=\"http:\/\/www.w3.org\/2000\/svg\" viewBox=\"0 0 1000 100\" preserveAspectRatio=\"none\">\n\t<path class=\"elementor-shape-fill\" d=\"M0,6V0h1000v100L0,6z\"\/>\n<\/svg>\t\t<\/div>\n\t\t\t\t\t<div class=\"elementor-container elementor-column-gap-default\">\n\t\t\t\t\t<div class=\"elementor-column elementor-col-100 elementor-top-column elementor-element elementor-element-2b570fce\" data-id=\"2b570fce\" data-element_type=\"column\" data-e-type=\"column\">\n\t\t\t<div class=\"elementor-widget-wrap elementor-element-populated\">\n\t\t\t\t\t\t<div class=\"elementor-element elementor-element-4906ff83 elementor-widget elementor-widget-heading\" data-id=\"4906ff83\" data-element_type=\"widget\" data-e-type=\"widget\" data-widget_type=\"heading.default\">\n\t\t\t\t<div class=\"elementor-widget-container\">\n\t\t\t\t\t<h1 class=\"elementor-heading-title elementor-size-default\">Ochrana<\/br>osobn\u00edch \u00fadaj\u016f <\/h1>\t\t\t\t<\/div>\n\t\t\t\t<\/div>\n\t\t\t\t\t<\/div>\n\t\t<\/div>\n\t\t\t\t\t<\/div>\n\t\t<\/section>\n\t\t\t\t<section class=\"elementor-section elementor-top-section elementor-element elementor-element-57f013f3 elementor-section-boxed elementor-section-height-default elementor-section-height-default\" data-id=\"57f013f3\" data-element_type=\"section\" data-e-type=\"section\">\n\t\t\t\t\t\t<div class=\"elementor-container elementor-column-gap-default\">\n\t\t\t\t\t<div class=\"elementor-column elementor-col-100 elementor-top-column elementor-element elementor-element-5b70029b\" data-id=\"5b70029b\" data-element_type=\"column\" data-e-type=\"column\">\n\t\t\t<div class=\"elementor-widget-wrap elementor-element-populated\">\n\t\t\t\t\t\t<div class=\"elementor-element elementor-element-4817e676 elementor-widget elementor-widget-text-editor\" data-id=\"4817e676\" data-element_type=\"widget\" data-e-type=\"widget\" data-widget_type=\"text-editor.default\">\n\t\t\t\t<div class=\"elementor-widget-container\">\n\t\t\t\t\t\t\t\t\t<p><strong>Ochrana osobn\u00edch \u00fadaj\u016f<\/strong><\/p><p>V souladu s na\u0159\u00edzen\u00edm Evropsk\u00e9ho parlamentu a Rady \u010d. 2016\/679, o ochran\u011b osobn\u00edch \u00fadaj\u016f (GDPR) a p\u0159edpisy souvisej\u00edc\u00edmi v platn\u00e9m zn\u011bn\u00ed,<\/p><p>zaru\u010duje Live City s. r. o.dodr\u017eovat ml\u010denlivost o osobn\u00edch \u00fadaj\u00edch z\u00e1kazn\u00edka a poskytovat jim dostate\u010dnou ochranu tak, aby nemohlo doj\u00edt k neopr\u00e1vn\u011bn\u00e9mu nebo nahodil\u00e9mu p\u0159\u00edstupu k osobn\u00edm \u00fadaj\u016fm, jejich zm\u011bn\u011b, zni\u010den\u00ed \u010di ztr\u00e1t\u011b, neopr\u00e1vn\u011bn\u00fdm p\u0159enos\u016fm, k jejich neopr\u00e1vn\u011bn\u00e9mu zpracov\u00e1n\u00ed, jako\u017e i k jin\u00e9mu zneu\u017eit\u00ed osobn\u00edch \u00fadaj\u016f. Nebudou prodan\u00e9 nebo p\u0159eveden\u00e9 na t\u0159et\u00ed osobu a bude jich u\u017eito v\u00fdhradn\u011b pro \u00fa\u010dely spole\u010dnosti Live City s.r.o.<\/p><p>Live City s.r.o. zpracov\u00e1v\u00e1 osobn\u00ed \u00fadaje za \u00fa\u010delem uzav\u0159en\u00ed a napl\u0148ov\u00e1n\u00ed pr\u00e1v a povinnost\u00ed vypl\u00fdvaj\u00edc\u00edch ze smlouvy. Zpracov\u00e1van\u00fdm osobn\u00edm \u00fadaj\u016fm je poskytov\u00e1n nejvy\u0161\u0161\u00ed standard ochrany v souladu s pr\u00e1vn\u00edmi p\u0159edpisy na \u00faseku ochrany osobn\u00edch \u00fadaj\u016f.<\/p><p>Live City s.r.o. zpracov\u00e1v\u00e1 osobn\u00ed \u00fadaje v p\u0159esn\u011b takov\u00e9 podob\u011b, v jak\u00e9 je z\u00edsk\u00e1 od z\u00e1kazn\u00edka, v souladu se stanoven\u00fdm \u00fa\u010delem, pro jak\u00fd jsou zpracov\u00e1ny a v rozsahu nezbytn\u00e9m pro napln\u011bn\u00ed takov\u00e9ho \u00fa\u010delu, a uchov\u00e1v\u00e1 je pouze po dobu nezbytnou k \u00fa\u010delu jejich zpracov\u00e1n\u00ed.<\/p><p>Live City s.r.o. dodr\u017euje z\u00e1sady zpracov\u00e1n\u00ed osobn\u00edch \u00fadaj\u016f, tedy: z\u00e1konnost, korektnost, transparentnost, omezen\u00ed \u00fa\u010delu, minimalizace \u00fadaj\u016f, p\u0159esnost, omezen\u00ed ulo\u017een\u00ed, integrita a d\u016fv\u011brnost.<\/p>\t\t\t\t\t\t\t\t<\/div>\n\t\t\t\t<\/div>\n\t\t\t\t\t<\/div>\n\t\t<\/div>\n\t\t\t\t\t<\/div>\n\t\t<\/section>\n\t\t\t\t<\/div>\n\t\t","protected":false},"excerpt":{"rendered":"<p>Ochranaosobn\u00edch \u00fadaj\u016f Ochrana osobn\u00edch \u00fadaj\u016f V souladu s na\u0159\u00edzen\u00edm Evropsk\u00e9ho parlamentu a Rady \u010d. 2016\/679, o ochran\u011b osobn\u00edch \u00fadaj\u016f (GDPR) a p\u0159edpisy souvisej\u00edc\u00edmi v platn\u00e9m zn\u011bn\u00ed, zaru\u010duje Live City s. r. o.dodr\u017eovat ml\u010denlivost o osobn\u00edch \u00fadaj\u00edch z\u00e1kazn\u00edka a poskytovat jim dostate\u010dnou ochranu tak, aby nemohlo doj\u00edt k neopr\u00e1vn\u011bn\u00e9mu nebo nahodil\u00e9mu p\u0159\u00edstupu k osobn\u00edm \u00fadaj\u016fm, jejich [&hellip;]<\/p>\n","protected":false},"author":14,"featured_media":0,"parent":0,"menu_order":0,"comment_status":"closed","ping_status":"closed","template":"elementor_header_footer","meta":{"footnotes":""},"class_list":["post-23172","page","type-page","status-publish","hentry"],"yoast_head":"<!-- This site is optimized with the Yoast SEO plugin v27.5 - https:\/\/yoast.com\/product\/yoast-seo-wordpress\/ -->\n<title>Ochrana osobn\u00edch \u00fadaj\u016f - Sinatra Prague<\/title>\n<meta name=\"robots\" content=\"index, follow, max-snippet:-1, max-image-preview:large, max-video-preview:-1\" \/>\n<link rel=\"canonical\" href=\"https:\/\/sinatraprague.cz\/cs\/ochrana-osobnich-udaju\/\" \/>\n<meta property=\"og:locale\" content=\"cs_CZ\" \/>\n<meta property=\"og:type\" content=\"article\" \/>\n<meta property=\"og:title\" content=\"Ochrana osobn\u00edch \u00fadaj\u016f - Sinatra Prague\" \/>\n<meta property=\"og:description\" content=\"Ochranaosobn\u00edch \u00fadaj\u016f Ochrana osobn\u00edch \u00fadaj\u016f V souladu s na\u0159\u00edzen\u00edm Evropsk\u00e9ho parlamentu a Rady \u010d. 2016\/679, o ochran\u011b osobn\u00edch \u00fadaj\u016f (GDPR) a p\u0159edpisy souvisej\u00edc\u00edmi v platn\u00e9m zn\u011bn\u00ed, zaru\u010duje Live City s. r. o.dodr\u017eovat ml\u010denlivost o osobn\u00edch \u00fadaj\u00edch z\u00e1kazn\u00edka a poskytovat jim dostate\u010dnou ochranu tak, aby nemohlo doj\u00edt k neopr\u00e1vn\u011bn\u00e9mu nebo nahodil\u00e9mu p\u0159\u00edstupu k osobn\u00edm \u00fadaj\u016fm, jejich [&hellip;]\" \/>\n<meta property=\"og:url\" content=\"https:\/\/sinatraprague.cz\/cs\/ochrana-osobnich-udaju\/\" \/>\n<meta property=\"og:site_name\" content=\"Sinatra Prague\" \/>\n<meta property=\"article:publisher\" content=\"https:\/\/www.facebook.com\/SinatraTributePrague\" \/>\n<meta property=\"og:image\" content=\"https:\/\/sinatraprague.cz\/wp-content\/uploads\/2024\/04\/main-photo-cover.jpg\" \/>\n\t<meta property=\"og:image:width\" content=\"1200\" \/>\n\t<meta property=\"og:image:height\" content=\"628\" \/>\n\t<meta property=\"og:image:type\" content=\"image\/jpeg\" \/>\n<meta name=\"twitter:card\" content=\"summary_large_image\" \/>\n<meta name=\"twitter:label1\" content=\"Odhadovan\u00e1 doba \u010dten\u00ed\" \/>\n\t<meta name=\"twitter:data1\" content=\"2 minuty\" \/>\n<script type=\"application\/ld+json\" class=\"yoast-schema-graph\">{\"@context\":\"https:\\\/\\\/schema.org\",\"@graph\":[{\"@type\":\"WebPage\",\"@id\":\"https:\\\/\\\/sinatraprague.cz\\\/cs\\\/ochrana-osobnich-udaju\\\/\",\"url\":\"https:\\\/\\\/sinatraprague.cz\\\/cs\\\/ochrana-osobnich-udaju\\\/\",\"name\":\"Ochrana osobn\u00edch \u00fadaj\u016f - Sinatra Prague\",\"isPartOf\":{\"@id\":\"https:\\\/\\\/sinatraprague.cz\\\/#website\"},\"datePublished\":\"2024-04-12T11:48:29+00:00\",\"breadcrumb\":{\"@id\":\"https:\\\/\\\/sinatraprague.cz\\\/cs\\\/ochrana-osobnich-udaju\\\/#breadcrumb\"},\"inLanguage\":\"cs\",\"potentialAction\":[{\"@type\":\"ReadAction\",\"target\":[\"https:\\\/\\\/sinatraprague.cz\\\/cs\\\/ochrana-osobnich-udaju\\\/\"]}]},{\"@type\":\"BreadcrumbList\",\"@id\":\"https:\\\/\\\/sinatraprague.cz\\\/cs\\\/ochrana-osobnich-udaju\\\/#breadcrumb\",\"itemListElement\":[{\"@type\":\"ListItem\",\"position\":1,\"name\":\"Home\",\"item\":\"https:\\\/\\\/sinatraprague.cz\\\/\"},{\"@type\":\"ListItem\",\"position\":2,\"name\":\"Ochrana osobn\u00edch \u00fadaj\u016f\"}]},{\"@type\":\"WebSite\",\"@id\":\"https:\\\/\\\/sinatraprague.cz\\\/#website\",\"url\":\"https:\\\/\\\/sinatraprague.cz\\\/\",\"name\":\"Sinatra Tribute\",\"description\":\"Official website\",\"publisher\":{\"@id\":\"https:\\\/\\\/sinatraprague.cz\\\/#organization\"},\"alternateName\":\"Koncert a ve\u010de\u0159e\",\"potentialAction\":[{\"@type\":\"SearchAction\",\"target\":{\"@type\":\"EntryPoint\",\"urlTemplate\":\"https:\\\/\\\/sinatraprague.cz\\\/?s={search_term_string}\"},\"query-input\":{\"@type\":\"PropertyValueSpecification\",\"valueRequired\":true,\"valueName\":\"search_term_string\"}}],\"inLanguage\":\"cs\"},{\"@type\":\"Organization\",\"@id\":\"https:\\\/\\\/sinatraprague.cz\\\/#organization\",\"name\":\"Sinatra Tribute Praha\",\"alternateName\":\"Koncert a ve\u010de\u0159e\",\"url\":\"https:\\\/\\\/sinatraprague.cz\\\/\",\"logo\":{\"@type\":\"ImageObject\",\"inLanguage\":\"cs\",\"@id\":\"https:\\\/\\\/sinatraprague.cz\\\/#\\\/schema\\\/logo\\\/image\\\/\",\"url\":\"https:\\\/\\\/sinatraprague.cz\\\/wp-content\\\/uploads\\\/2024\\\/04\\\/ST-logo-black.svg\",\"contentUrl\":\"https:\\\/\\\/sinatraprague.cz\\\/wp-content\\\/uploads\\\/2024\\\/04\\\/ST-logo-black.svg\",\"width\":1,\"height\":1,\"caption\":\"Sinatra Tribute Praha\"},\"image\":{\"@id\":\"https:\\\/\\\/sinatraprague.cz\\\/#\\\/schema\\\/logo\\\/image\\\/\"},\"sameAs\":[\"https:\\\/\\\/www.facebook.com\\\/SinatraTributePrague\"]}]}<\/script>\n<!-- \/ Yoast SEO plugin. -->","yoast_head_json":{"title":"Ochrana osobn\u00edch \u00fadaj\u016f - Sinatra Prague","robots":{"index":"index","follow":"follow","max-snippet":"max-snippet:-1","max-image-preview":"max-image-preview:large","max-video-preview":"max-video-preview:-1"},"canonical":"https:\/\/sinatraprague.cz\/cs\/ochrana-osobnich-udaju\/","og_locale":"cs_CZ","og_type":"article","og_title":"Ochrana osobn\u00edch \u00fadaj\u016f - Sinatra Prague","og_description":"Ochranaosobn\u00edch \u00fadaj\u016f Ochrana osobn\u00edch \u00fadaj\u016f V souladu s na\u0159\u00edzen\u00edm Evropsk\u00e9ho parlamentu a Rady \u010d. 2016\/679, o ochran\u011b osobn\u00edch \u00fadaj\u016f (GDPR) a p\u0159edpisy souvisej\u00edc\u00edmi v platn\u00e9m zn\u011bn\u00ed, zaru\u010duje Live City s. r. o.dodr\u017eovat ml\u010denlivost o osobn\u00edch \u00fadaj\u00edch z\u00e1kazn\u00edka a poskytovat jim dostate\u010dnou ochranu tak, aby nemohlo doj\u00edt k neopr\u00e1vn\u011bn\u00e9mu nebo nahodil\u00e9mu p\u0159\u00edstupu k osobn\u00edm \u00fadaj\u016fm, jejich [&hellip;]","og_url":"https:\/\/sinatraprague.cz\/cs\/ochrana-osobnich-udaju\/","og_site_name":"Sinatra Prague","article_publisher":"https:\/\/www.facebook.com\/SinatraTributePrague","og_image":[{"width":1200,"height":628,"url":"https:\/\/sinatraprague.cz\/wp-content\/uploads\/2024\/04\/main-photo-cover.jpg","type":"image\/jpeg"}],"twitter_card":"summary_large_image","twitter_misc":{"Odhadovan\u00e1 doba \u010dten\u00ed":"2 minuty"},"schema":{"@context":"https:\/\/schema.org","@graph":[{"@type":"WebPage","@id":"https:\/\/sinatraprague.cz\/cs\/ochrana-osobnich-udaju\/","url":"https:\/\/sinatraprague.cz\/cs\/ochrana-osobnich-udaju\/","name":"Ochrana osobn\u00edch \u00fadaj\u016f - Sinatra Prague","isPartOf":{"@id":"https:\/\/sinatraprague.cz\/#website"},"datePublished":"2024-04-12T11:48:29+00:00","breadcrumb":{"@id":"https:\/\/sinatraprague.cz\/cs\/ochrana-osobnich-udaju\/#breadcrumb"},"inLanguage":"cs","potentialAction":[{"@type":"ReadAction","target":["https:\/\/sinatraprague.cz\/cs\/ochrana-osobnich-udaju\/"]}]},{"@type":"BreadcrumbList","@id":"https:\/\/sinatraprague.cz\/cs\/ochrana-osobnich-udaju\/#breadcrumb","itemListElement":[{"@type":"ListItem","position":1,"name":"Home","item":"https:\/\/sinatraprague.cz\/"},{"@type":"ListItem","position":2,"name":"Ochrana osobn\u00edch \u00fadaj\u016f"}]},{"@type":"WebSite","@id":"https:\/\/sinatraprague.cz\/#website","url":"https:\/\/sinatraprague.cz\/","name":"Sinatra Tribute","description":"Official website","publisher":{"@id":"https:\/\/sinatraprague.cz\/#organization"},"alternateName":"Koncert a ve\u010de\u0159e","potentialAction":[{"@type":"SearchAction","target":{"@type":"EntryPoint","urlTemplate":"https:\/\/sinatraprague.cz\/?s={search_term_string}"},"query-input":{"@type":"PropertyValueSpecification","valueRequired":true,"valueName":"search_term_string"}}],"inLanguage":"cs"},{"@type":"Organization","@id":"https:\/\/sinatraprague.cz\/#organization","name":"Sinatra Tribute Praha","alternateName":"Koncert a ve\u010de\u0159e","url":"https:\/\/sinatraprague.cz\/","logo":{"@type":"ImageObject","inLanguage":"cs","@id":"https:\/\/sinatraprague.cz\/#\/schema\/logo\/image\/","url":"https:\/\/sinatraprague.cz\/wp-content\/uploads\/2024\/04\/ST-logo-black.svg","contentUrl":"https:\/\/sinatraprague.cz\/wp-content\/uploads\/2024\/04\/ST-logo-black.svg","width":1,"height":1,"caption":"Sinatra Tribute Praha"},"image":{"@id":"https:\/\/sinatraprague.cz\/#\/schema\/logo\/image\/"},"sameAs":["https:\/\/www.facebook.com\/SinatraTributePrague"]}]}},"publishpress_future_workflow_manual_trigger":{"enabledWorkflows":[]},"_links":{"self":[{"href":"https:\/\/sinatraprague.cz\/cs\/wp-json\/wp\/v2\/pages\/23172","targetHints":{"allow":["GET"]}}],"collection":[{"href":"https:\/\/sinatraprague.cz\/cs\/wp-json\/wp\/v2\/pages"}],"about":[{"href":"https:\/\/sinatraprague.cz\/cs\/wp-json\/wp\/v2\/types\/page"}],"author":[{"embeddable":true,"href":"https:\/\/sinatraprague.cz\/cs\/wp-json\/wp\/v2\/users\/14"}],"replies":[{"embeddable":true,"href":"https:\/\/sinatraprague.cz\/cs\/wp-json\/wp\/v2\/comments?post=23172"}],"version-history":[{"count":0,"href":"https:\/\/sinatraprague.cz\/cs\/wp-json\/wp\/v2\/pages\/23172\/revisions"}],"wp:attachment":[{"href":"https:\/\/sinatraprague.cz\/cs\/wp-json\/wp\/v2\/media?parent=23172"}],"curies":[{"name":"wp","href":"https:\/\/api.w.org\/{rel}","templated":true}]}}