{"id":22807,"date":"2024-04-12T13:48:09","date_gmt":"2024-04-12T11:48:09","guid":{"rendered":"https:\/\/sinatraprague.cz\/?page_id=22807"},"modified":"2025-05-02T13:15:10","modified_gmt":"2025-05-02T11:15:10","slug":"darkovy-poukaz","status":"publish","type":"page","link":"https:\/\/sinatraprague.cz\/cs\/darkovy-poukaz\/","title":{"rendered":"D\u00e1rkov\u00fd poukaz"},"content":{"rendered":"\t\t<div data-elementor-type=\"wp-page\" data-elementor-id=\"22807\" class=\"elementor elementor-22807 elementor-20856\" data-elementor-post-type=\"page\">\n\t\t\t\t\t\t<section class=\"elementor-section elementor-top-section elementor-element elementor-element-1a4fe87a elementor-section-height-min-height elementor-section-boxed elementor-section-height-default elementor-section-items-middle\" data-id=\"1a4fe87a\" data-element_type=\"section\" data-e-type=\"section\" data-settings=\"{&quot;background_background&quot;:&quot;classic&quot;,&quot;shape_divider_bottom&quot;:&quot;tilt&quot;}\">\n\t\t\t\t\t<div class=\"elementor-shape elementor-shape-bottom\" aria-hidden=\"true\" data-negative=\"false\">\n\t\t\t<svg xmlns=\"http:\/\/www.w3.org\/2000\/svg\" viewBox=\"0 0 1000 100\" preserveAspectRatio=\"none\">\n\t<path class=\"elementor-shape-fill\" d=\"M0,6V0h1000v100L0,6z\"\/>\n<\/svg>\t\t<\/div>\n\t\t\t\t\t<div class=\"elementor-container elementor-column-gap-default\">\n\t\t\t\t\t<div class=\"elementor-column elementor-col-100 elementor-top-column elementor-element elementor-element-4639a25d\" data-id=\"4639a25d\" data-element_type=\"column\" data-e-type=\"column\">\n\t\t\t<div class=\"elementor-widget-wrap elementor-element-populated\">\n\t\t\t\t\t\t<div class=\"elementor-element elementor-element-580ac6b2 elementor-widget elementor-widget-heading\" data-id=\"580ac6b2\" data-element_type=\"widget\" data-e-type=\"widget\" data-widget_type=\"heading.default\">\n\t\t\t\t<div class=\"elementor-widget-container\">\n\t\t\t\t\t<h1 class=\"elementor-heading-title elementor-size-default\">D\u00e1rkov\u00fd poukaz<\/h1>\t\t\t\t<\/div>\n\t\t\t\t<\/div>\n\t\t\t\t\t<\/div>\n\t\t<\/div>\n\t\t\t\t\t<\/div>\n\t\t<\/section>\n\t\t\t\t<section class=\"elementor-section elementor-top-section elementor-element elementor-element-4aeea7f9 elementor-section-height-min-height flex-start elementor-reverse-mobile elementor-section-boxed elementor-section-height-default elementor-section-items-middle\" data-id=\"4aeea7f9\" data-element_type=\"section\" data-e-type=\"section\" data-settings=\"{&quot;background_background&quot;:&quot;classic&quot;,&quot;shape_divider_bottom&quot;:&quot;tilt&quot;}\">\n\t\t\t\t\t<div class=\"elementor-shape elementor-shape-bottom\" aria-hidden=\"true\" data-negative=\"false\">\n\t\t\t<svg xmlns=\"http:\/\/www.w3.org\/2000\/svg\" viewBox=\"0 0 1000 100\" preserveAspectRatio=\"none\">\n\t<path class=\"elementor-shape-fill\" d=\"M0,6V0h1000v100L0,6z\"\/>\n<\/svg>\t\t<\/div>\n\t\t\t\t\t<div class=\"elementor-container elementor-column-gap-default\">\n\t\t\t\t\t<div class=\"elementor-column elementor-col-50 elementor-top-column elementor-element elementor-element-194f1ceb\" data-id=\"194f1ceb\" data-element_type=\"column\" data-e-type=\"column\">\n\t\t\t<div class=\"elementor-widget-wrap elementor-element-populated\">\n\t\t\t\t\t\t<div class=\"elementor-element elementor-element-1b529089 elementor-widget elementor-widget-heading\" data-id=\"1b529089\" data-element_type=\"widget\" data-e-type=\"widget\" data-widget_type=\"heading.default\">\n\t\t\t\t<div class=\"elementor-widget-container\">\n\t\t\t\t\t<h2 class=\"elementor-heading-title elementor-size-default\">Ide\u00e1ln\u00ed d\u00e1rek pro Va\u0161e bl\u00edzk\u00e9!<\/h2>\t\t\t\t<\/div>\n\t\t\t\t<\/div>\n\t\t\t\t<div class=\"elementor-element elementor-element-6053d80a elementor-widget elementor-widget-text-editor\" data-id=\"6053d80a\" data-element_type=\"widget\" data-e-type=\"widget\" data-widget_type=\"text-editor.default\">\n\t\t\t\t<div class=\"elementor-widget-container\">\n\t\t\t\t\t\t\t\t\t<p>Dop\u0159ejte sv\u00fdm bl\u00edzk\u00fdm nezapomenuteln\u00fd hudebn\u00ed z\u00e1\u017eitek na jednom z nejkr\u00e1sn\u011bj\u0161\u00edch m\u00edst v Praze, v budov\u011b M\u00e1nesu v funkcionalistick\u00e9m stylu. Nejzn\u00e1m\u011bj\u0161\u00ed hity Franka Sinatry, kter\u00e9 p\u0159enesou v\u0161echny milovn\u00edky hudby do zlat\u00e9 \u00e9ry tohoto americk\u00e9ho eleg\u00e1na.<\/p><p>Skv\u011bl\u00e1 hudba, kter\u00e1 spo\u010d\u00edv\u00e1 ve dokonal\u00e9 harmonii, dok\u00e1\u017ee bez ohledu na v\u011bk poslucha\u010de nadchnout. &#8222;Frank meets classical&#8220; v M\u00e1nesu je skv\u011bl\u00fdm d\u00e1rkem pro v\u0161echny, kte\u0159\u00ed maj\u00ed r\u00e1di hudbu, vybranou kuchyni a historick\u00e1 m\u00edsta v Praze.<\/p><ul><li><strong>D\u00e1rkov\u00fd poukaz s v\u00fdb\u011brem konkr\u00e9tn\u00edho term\u00ednu<\/strong> \u2013 vyberete term\u00edn v na\u0161em <a href=\"https:\/\/sinatraprague.cz\/cs\/volba-terminu\/\"><strong>Eshopu<\/strong><\/a>, m\u00edsto a kategorii, vypln\u00edte kontaktn\u00ed a platebn\u00ed \u00fadaje a za\u0161krtnete mo\u017enost \u201eChci d\u00e1rkov\u00fd poukaz\u201c.<\/li><li><strong>D\u00e1rkov\u00fd poukaz bez uveden\u00e9ho data s platnost\u00ed 6 m\u011bs\u00edc\u016f<\/strong> od data n\u00e1kupu \u2013 klikn\u011bte pros\u00edm na tla\u010d\u00edtko n\u00ed\u017ee a budete p\u0159esm\u011brov\u00e1ni na fin\u00e1ln\u00ed formul\u00e1\u0159.<\/li><\/ul><p>T\u011b\u0161\u00edme se na v\u00e1s v pra\u017esk\u00e9m M\u00e1nesu!<\/p>\t\t\t\t\t\t\t\t<\/div>\n\t\t\t\t<\/div>\n\t\t\t\t<div class=\"elementor-element elementor-element-ce9e000 elementor-align-left e-transform mf-button-add-to-cart-nodate-voucher elementor-widget elementor-widget-button\" data-id=\"ce9e000\" data-element_type=\"widget\" data-e-type=\"widget\" data-settings=\"{&quot;_transform_scale_effect&quot;:{&quot;unit&quot;:&quot;px&quot;,&quot;size&quot;:&quot;&quot;,&quot;sizes&quot;:[]},&quot;_transform_scale_effect_laptop&quot;:{&quot;unit&quot;:&quot;px&quot;,&quot;size&quot;:&quot;&quot;,&quot;sizes&quot;:[]},&quot;_transform_scale_effect_tablet&quot;:{&quot;unit&quot;:&quot;px&quot;,&quot;size&quot;:&quot;&quot;,&quot;sizes&quot;:[]},&quot;_transform_scale_effect_mobile&quot;:{&quot;unit&quot;:&quot;px&quot;,&quot;size&quot;:&quot;&quot;,&quot;sizes&quot;:[]}}\" data-widget_type=\"button.default\">\n\t\t\t\t<div class=\"elementor-widget-container\">\n\t\t\t\t\t\t\t\t\t<div class=\"elementor-button-wrapper\">\n\t\t\t\t\t<a class=\"elementor-button elementor-button-link elementor-size-sm\" href=\"#\">\n\t\t\t\t\t\t<span class=\"elementor-button-content-wrapper\">\n\t\t\t\t\t\t\t\t\t<span class=\"elementor-button-text\">D\u00e1rkov\u00fd voucher bez data<\/span>\n\t\t\t\t\t<\/span>\n\t\t\t\t\t<\/a>\n\t\t\t\t<\/div>\n\t\t\t\t\t\t\t\t<\/div>\n\t\t\t\t<\/div>\n\t\t\t\t\t<\/div>\n\t\t<\/div>\n\t\t\t\t<div class=\"elementor-column elementor-col-50 elementor-top-column elementor-element elementor-element-1fb96408\" data-id=\"1fb96408\" data-element_type=\"column\" data-e-type=\"column\">\n\t\t\t<div class=\"elementor-widget-wrap elementor-element-populated\">\n\t\t\t\t\t\t<div class=\"elementor-element elementor-element-c876af4 elementor-widget elementor-widget-image\" data-id=\"c876af4\" data-element_type=\"widget\" data-e-type=\"widget\" data-widget_type=\"image.default\">\n\t\t\t\t<div class=\"elementor-widget-container\">\n\t\t\t\t\t\t\t\t\t\t\t\t\t\t\t<img fetchpriority=\"high\" decoding=\"async\" width=\"742\" height=\"555\" src=\"https:\/\/sinatraprague.cz\/wp-content\/uploads\/2025\/01\/image-frame-17.png\" class=\"attachment-full size-full wp-image-25312\" alt=\"\" srcset=\"https:\/\/sinatraprague.cz\/wp-content\/uploads\/2025\/01\/image-frame-17.png 742w, https:\/\/sinatraprague.cz\/wp-content\/uploads\/2025\/01\/image-frame-17-600x449.png 600w\" sizes=\"(max-width: 742px) 100vw, 742px\" \/>\t\t\t\t\t\t\t\t\t\t\t\t\t\t\t<\/div>\n\t\t\t\t<\/div>\n\t\t\t\t\t<\/div>\n\t\t<\/div>\n\t\t\t\t\t<\/div>\n\t\t<\/section>\n\t\t\t\t<\/div>\n\t\t","protected":false},"excerpt":{"rendered":"<p>D\u00e1rkov\u00fd poukaz Ide\u00e1ln\u00ed d\u00e1rek pro Va\u0161e bl\u00edzk\u00e9! Dop\u0159ejte sv\u00fdm bl\u00edzk\u00fdm nezapomenuteln\u00fd hudebn\u00ed z\u00e1\u017eitek na jednom z nejkr\u00e1sn\u011bj\u0161\u00edch m\u00edst v Praze, v budov\u011b M\u00e1nesu v funkcionalistick\u00e9m stylu. Nejzn\u00e1m\u011bj\u0161\u00ed hity Franka Sinatry, kter\u00e9 p\u0159enesou v\u0161echny milovn\u00edky hudby do zlat\u00e9 \u00e9ry tohoto americk\u00e9ho eleg\u00e1na. Skv\u011bl\u00e1 hudba, kter\u00e1 spo\u010d\u00edv\u00e1 ve dokonal\u00e9 harmonii, dok\u00e1\u017ee bez ohledu na v\u011bk poslucha\u010de nadchnout. [&hellip;]<\/p>\n","protected":false},"author":14,"featured_media":0,"parent":0,"menu_order":0,"comment_status":"closed","ping_status":"closed","template":"","meta":{"footnotes":""},"class_list":["post-22807","page","type-page","status-publish","hentry"],"yoast_head":"<!-- This site is optimized with the Yoast SEO plugin v27.4 - https:\/\/yoast.com\/product\/yoast-seo-wordpress\/ -->\n<title>D\u00e1rkov\u00fd poukaz - Sinatra Prague<\/title>\n<meta name=\"robots\" content=\"index, follow, max-snippet:-1, max-image-preview:large, max-video-preview:-1\" \/>\n<link rel=\"canonical\" href=\"https:\/\/sinatraprague.cz\/gift-voucher\/\" \/>\n<meta property=\"og:locale\" content=\"cs_CZ\" \/>\n<meta property=\"og:type\" content=\"article\" \/>\n<meta property=\"og:title\" content=\"D\u00e1rkov\u00fd poukaz - Sinatra Prague\" \/>\n<meta property=\"og:description\" content=\"D\u00e1rkov\u00fd poukaz Ide\u00e1ln\u00ed d\u00e1rek pro Va\u0161e bl\u00edzk\u00e9! Dop\u0159ejte sv\u00fdm bl\u00edzk\u00fdm nezapomenuteln\u00fd hudebn\u00ed z\u00e1\u017eitek na jednom z nejkr\u00e1sn\u011bj\u0161\u00edch m\u00edst v Praze, v budov\u011b M\u00e1nesu v funkcionalistick\u00e9m stylu. Nejzn\u00e1m\u011bj\u0161\u00ed hity Franka Sinatry, kter\u00e9 p\u0159enesou v\u0161echny milovn\u00edky hudby do zlat\u00e9 \u00e9ry tohoto americk\u00e9ho eleg\u00e1na. Skv\u011bl\u00e1 hudba, kter\u00e1 spo\u010d\u00edv\u00e1 ve dokonal\u00e9 harmonii, dok\u00e1\u017ee bez ohledu na v\u011bk poslucha\u010de nadchnout. [&hellip;]\" \/>\n<meta property=\"og:url\" content=\"https:\/\/sinatraprague.cz\/gift-voucher\/\" \/>\n<meta property=\"og:site_name\" content=\"Sinatra Prague\" \/>\n<meta property=\"article:publisher\" content=\"https:\/\/www.facebook.com\/SinatraTributePrague\" \/>\n<meta property=\"article:modified_time\" content=\"2025-05-02T11:15:10+00:00\" \/>\n<meta property=\"og:image\" content=\"https:\/\/sinatraprague.cz\/wp-content\/uploads\/2025\/01\/image-frame-17.png\" \/>\n\t<meta property=\"og:image:width\" content=\"742\" \/>\n\t<meta property=\"og:image:height\" content=\"555\" \/>\n\t<meta property=\"og:image:type\" content=\"image\/png\" \/>\n<meta name=\"twitter:card\" content=\"summary_large_image\" \/>\n<meta name=\"twitter:label1\" content=\"Odhadovan\u00e1 doba \u010dten\u00ed\" \/>\n\t<meta name=\"twitter:data1\" content=\"1 minuta\" \/>\n<script type=\"application\/ld+json\" class=\"yoast-schema-graph\">{\"@context\":\"https:\\\/\\\/schema.org\",\"@graph\":[{\"@type\":\"WebPage\",\"@id\":\"https:\\\/\\\/sinatraprague.cz\\\/gift-voucher\\\/\",\"url\":\"https:\\\/\\\/sinatraprague.cz\\\/gift-voucher\\\/\",\"name\":\"D\u00e1rkov\u00fd poukaz - Sinatra Prague\",\"isPartOf\":{\"@id\":\"https:\\\/\\\/sinatraprague.cz\\\/#website\"},\"primaryImageOfPage\":{\"@id\":\"https:\\\/\\\/sinatraprague.cz\\\/gift-voucher\\\/#primaryimage\"},\"image\":{\"@id\":\"https:\\\/\\\/sinatraprague.cz\\\/gift-voucher\\\/#primaryimage\"},\"thumbnailUrl\":\"https:\\\/\\\/sinatraprague.cz\\\/wp-content\\\/uploads\\\/2025\\\/01\\\/image-frame-17.png\",\"datePublished\":\"2024-04-12T11:48:09+00:00\",\"dateModified\":\"2025-05-02T11:15:10+00:00\",\"breadcrumb\":{\"@id\":\"https:\\\/\\\/sinatraprague.cz\\\/gift-voucher\\\/#breadcrumb\"},\"inLanguage\":\"cs\",\"potentialAction\":[{\"@type\":\"ReadAction\",\"target\":[\"https:\\\/\\\/sinatraprague.cz\\\/gift-voucher\\\/\"]}]},{\"@type\":\"ImageObject\",\"inLanguage\":\"cs\",\"@id\":\"https:\\\/\\\/sinatraprague.cz\\\/gift-voucher\\\/#primaryimage\",\"url\":\"https:\\\/\\\/sinatraprague.cz\\\/wp-content\\\/uploads\\\/2025\\\/01\\\/image-frame-17.png\",\"contentUrl\":\"https:\\\/\\\/sinatraprague.cz\\\/wp-content\\\/uploads\\\/2025\\\/01\\\/image-frame-17.png\"},{\"@type\":\"BreadcrumbList\",\"@id\":\"https:\\\/\\\/sinatraprague.cz\\\/gift-voucher\\\/#breadcrumb\",\"itemListElement\":[{\"@type\":\"ListItem\",\"position\":1,\"name\":\"Home\",\"item\":\"https:\\\/\\\/sinatraprague.cz\\\/\"},{\"@type\":\"ListItem\",\"position\":2,\"name\":\"D\u00e1rkov\u00fd poukaz\"}]},{\"@type\":\"WebSite\",\"@id\":\"https:\\\/\\\/sinatraprague.cz\\\/#website\",\"url\":\"https:\\\/\\\/sinatraprague.cz\\\/\",\"name\":\"Sinatra Tribute\",\"description\":\"Official website\",\"publisher\":{\"@id\":\"https:\\\/\\\/sinatraprague.cz\\\/#organization\"},\"alternateName\":\"Koncert a ve\u010de\u0159e\",\"potentialAction\":[{\"@type\":\"SearchAction\",\"target\":{\"@type\":\"EntryPoint\",\"urlTemplate\":\"https:\\\/\\\/sinatraprague.cz\\\/?s={search_term_string}\"},\"query-input\":{\"@type\":\"PropertyValueSpecification\",\"valueRequired\":true,\"valueName\":\"search_term_string\"}}],\"inLanguage\":\"cs\"},{\"@type\":\"Organization\",\"@id\":\"https:\\\/\\\/sinatraprague.cz\\\/#organization\",\"name\":\"Sinatra Tribute Praha\",\"alternateName\":\"Koncert a ve\u010de\u0159e\",\"url\":\"https:\\\/\\\/sinatraprague.cz\\\/\",\"logo\":{\"@type\":\"ImageObject\",\"inLanguage\":\"cs\",\"@id\":\"https:\\\/\\\/sinatraprague.cz\\\/#\\\/schema\\\/logo\\\/image\\\/\",\"url\":\"https:\\\/\\\/sinatraprague.cz\\\/wp-content\\\/uploads\\\/2024\\\/04\\\/ST-logo-black.svg\",\"contentUrl\":\"https:\\\/\\\/sinatraprague.cz\\\/wp-content\\\/uploads\\\/2024\\\/04\\\/ST-logo-black.svg\",\"width\":1,\"height\":1,\"caption\":\"Sinatra Tribute Praha\"},\"image\":{\"@id\":\"https:\\\/\\\/sinatraprague.cz\\\/#\\\/schema\\\/logo\\\/image\\\/\"},\"sameAs\":[\"https:\\\/\\\/www.facebook.com\\\/SinatraTributePrague\"]}]}<\/script>\n<!-- \/ Yoast SEO plugin. -->","yoast_head_json":{"title":"D\u00e1rkov\u00fd poukaz - Sinatra Prague","robots":{"index":"index","follow":"follow","max-snippet":"max-snippet:-1","max-image-preview":"max-image-preview:large","max-video-preview":"max-video-preview:-1"},"canonical":"https:\/\/sinatraprague.cz\/gift-voucher\/","og_locale":"cs_CZ","og_type":"article","og_title":"D\u00e1rkov\u00fd poukaz - Sinatra Prague","og_description":"D\u00e1rkov\u00fd poukaz Ide\u00e1ln\u00ed d\u00e1rek pro Va\u0161e bl\u00edzk\u00e9! Dop\u0159ejte sv\u00fdm bl\u00edzk\u00fdm nezapomenuteln\u00fd hudebn\u00ed z\u00e1\u017eitek na jednom z nejkr\u00e1sn\u011bj\u0161\u00edch m\u00edst v Praze, v budov\u011b M\u00e1nesu v funkcionalistick\u00e9m stylu. Nejzn\u00e1m\u011bj\u0161\u00ed hity Franka Sinatry, kter\u00e9 p\u0159enesou v\u0161echny milovn\u00edky hudby do zlat\u00e9 \u00e9ry tohoto americk\u00e9ho eleg\u00e1na. Skv\u011bl\u00e1 hudba, kter\u00e1 spo\u010d\u00edv\u00e1 ve dokonal\u00e9 harmonii, dok\u00e1\u017ee bez ohledu na v\u011bk poslucha\u010de nadchnout. [&hellip;]","og_url":"https:\/\/sinatraprague.cz\/gift-voucher\/","og_site_name":"Sinatra Prague","article_publisher":"https:\/\/www.facebook.com\/SinatraTributePrague","article_modified_time":"2025-05-02T11:15:10+00:00","og_image":[{"width":742,"height":555,"url":"https:\/\/sinatraprague.cz\/wp-content\/uploads\/2025\/01\/image-frame-17.png","type":"image\/png"}],"twitter_card":"summary_large_image","twitter_misc":{"Odhadovan\u00e1 doba \u010dten\u00ed":"1 minuta"},"schema":{"@context":"https:\/\/schema.org","@graph":[{"@type":"WebPage","@id":"https:\/\/sinatraprague.cz\/gift-voucher\/","url":"https:\/\/sinatraprague.cz\/gift-voucher\/","name":"D\u00e1rkov\u00fd poukaz - Sinatra Prague","isPartOf":{"@id":"https:\/\/sinatraprague.cz\/#website"},"primaryImageOfPage":{"@id":"https:\/\/sinatraprague.cz\/gift-voucher\/#primaryimage"},"image":{"@id":"https:\/\/sinatraprague.cz\/gift-voucher\/#primaryimage"},"thumbnailUrl":"https:\/\/sinatraprague.cz\/wp-content\/uploads\/2025\/01\/image-frame-17.png","datePublished":"2024-04-12T11:48:09+00:00","dateModified":"2025-05-02T11:15:10+00:00","breadcrumb":{"@id":"https:\/\/sinatraprague.cz\/gift-voucher\/#breadcrumb"},"inLanguage":"cs","potentialAction":[{"@type":"ReadAction","target":["https:\/\/sinatraprague.cz\/gift-voucher\/"]}]},{"@type":"ImageObject","inLanguage":"cs","@id":"https:\/\/sinatraprague.cz\/gift-voucher\/#primaryimage","url":"https:\/\/sinatraprague.cz\/wp-content\/uploads\/2025\/01\/image-frame-17.png","contentUrl":"https:\/\/sinatraprague.cz\/wp-content\/uploads\/2025\/01\/image-frame-17.png"},{"@type":"BreadcrumbList","@id":"https:\/\/sinatraprague.cz\/gift-voucher\/#breadcrumb","itemListElement":[{"@type":"ListItem","position":1,"name":"Home","item":"https:\/\/sinatraprague.cz\/"},{"@type":"ListItem","position":2,"name":"D\u00e1rkov\u00fd poukaz"}]},{"@type":"WebSite","@id":"https:\/\/sinatraprague.cz\/#website","url":"https:\/\/sinatraprague.cz\/","name":"Sinatra Tribute","description":"Official website","publisher":{"@id":"https:\/\/sinatraprague.cz\/#organization"},"alternateName":"Koncert a ve\u010de\u0159e","potentialAction":[{"@type":"SearchAction","target":{"@type":"EntryPoint","urlTemplate":"https:\/\/sinatraprague.cz\/?s={search_term_string}"},"query-input":{"@type":"PropertyValueSpecification","valueRequired":true,"valueName":"search_term_string"}}],"inLanguage":"cs"},{"@type":"Organization","@id":"https:\/\/sinatraprague.cz\/#organization","name":"Sinatra Tribute Praha","alternateName":"Koncert a ve\u010de\u0159e","url":"https:\/\/sinatraprague.cz\/","logo":{"@type":"ImageObject","inLanguage":"cs","@id":"https:\/\/sinatraprague.cz\/#\/schema\/logo\/image\/","url":"https:\/\/sinatraprague.cz\/wp-content\/uploads\/2024\/04\/ST-logo-black.svg","contentUrl":"https:\/\/sinatraprague.cz\/wp-content\/uploads\/2024\/04\/ST-logo-black.svg","width":1,"height":1,"caption":"Sinatra Tribute Praha"},"image":{"@id":"https:\/\/sinatraprague.cz\/#\/schema\/logo\/image\/"},"sameAs":["https:\/\/www.facebook.com\/SinatraTributePrague"]}]}},"publishpress_future_workflow_manual_trigger":{"enabledWorkflows":[]},"_links":{"self":[{"href":"https:\/\/sinatraprague.cz\/cs\/wp-json\/wp\/v2\/pages\/22807","targetHints":{"allow":["GET"]}}],"collection":[{"href":"https:\/\/sinatraprague.cz\/cs\/wp-json\/wp\/v2\/pages"}],"about":[{"href":"https:\/\/sinatraprague.cz\/cs\/wp-json\/wp\/v2\/types\/page"}],"author":[{"embeddable":true,"href":"https:\/\/sinatraprague.cz\/cs\/wp-json\/wp\/v2\/users\/14"}],"replies":[{"embeddable":true,"href":"https:\/\/sinatraprague.cz\/cs\/wp-json\/wp\/v2\/comments?post=22807"}],"version-history":[{"count":40,"href":"https:\/\/sinatraprague.cz\/cs\/wp-json\/wp\/v2\/pages\/22807\/revisions"}],"predecessor-version":[{"id":25769,"href":"https:\/\/sinatraprague.cz\/cs\/wp-json\/wp\/v2\/pages\/22807\/revisions\/25769"}],"wp:attachment":[{"href":"https:\/\/sinatraprague.cz\/cs\/wp-json\/wp\/v2\/media?parent=22807"}],"curies":[{"name":"wp","href":"https:\/\/api.w.org\/{rel}","templated":true}]}}