{"id":22777,"date":"2024-04-12T13:48:24","date_gmt":"2024-04-12T11:48:24","guid":{"rendered":"https:\/\/sinatraprague.cz\/?page_id=22777"},"modified":"2025-01-24T10:20:03","modified_gmt":"2025-01-24T09:20:03","slug":"art-restaurant-manes","status":"publish","type":"page","link":"https:\/\/sinatraprague.cz\/cs\/art-restaurant-manes\/","title":{"rendered":"Art Restaurant M\u00e1nes"},"content":{"rendered":"\t\t<div data-elementor-type=\"wp-page\" data-elementor-id=\"22777\" class=\"elementor elementor-22777 elementor-20924\" data-elementor-post-type=\"page\">\n\t\t\t\t\t\t<section class=\"elementor-section elementor-top-section elementor-element elementor-element-17caf618 elementor-section-height-min-height elementor-section-boxed elementor-section-height-default elementor-section-items-middle\" data-id=\"17caf618\" data-element_type=\"section\" data-e-type=\"section\" data-settings=\"{&quot;background_background&quot;:&quot;classic&quot;,&quot;shape_divider_bottom&quot;:&quot;tilt&quot;}\">\n\t\t\t\t\t\t\t<div class=\"elementor-background-overlay\"><\/div>\n\t\t\t\t\t\t<div class=\"elementor-shape elementor-shape-bottom\" aria-hidden=\"true\" data-negative=\"false\">\n\t\t\t<svg xmlns=\"http:\/\/www.w3.org\/2000\/svg\" viewBox=\"0 0 1000 100\" preserveAspectRatio=\"none\">\n\t<path class=\"elementor-shape-fill\" d=\"M0,6V0h1000v100L0,6z\"\/>\n<\/svg>\t\t<\/div>\n\t\t\t\t\t<div class=\"elementor-container elementor-column-gap-default\">\n\t\t\t\t\t<div class=\"elementor-column elementor-col-100 elementor-top-column elementor-element elementor-element-347ccec2\" data-id=\"347ccec2\" data-element_type=\"column\" data-e-type=\"column\">\n\t\t\t<div class=\"elementor-widget-wrap elementor-element-populated\">\n\t\t\t\t\t\t<div class=\"elementor-element elementor-element-225b9c3 elementor-widget elementor-widget-heading\" data-id=\"225b9c3\" data-element_type=\"widget\" data-e-type=\"widget\" data-widget_type=\"heading.default\">\n\t\t\t\t<div class=\"elementor-widget-container\">\n\t\t\t\t\t<h1 class=\"elementor-heading-title elementor-size-default\">Art Restaurant M\u00e1nes<\/h1>\t\t\t\t<\/div>\n\t\t\t\t<\/div>\n\t\t\t\t\t<\/div>\n\t\t<\/div>\n\t\t\t\t\t<\/div>\n\t\t<\/section>\n\t\t\t\t<section class=\"elementor-section elementor-top-section elementor-element elementor-element-5b596eca elementor-section-height-min-height art-box elementor-section-boxed elementor-section-height-default elementor-section-items-middle\" data-id=\"5b596eca\" data-element_type=\"section\" data-e-type=\"section\" data-settings=\"{&quot;background_background&quot;:&quot;classic&quot;,&quot;shape_divider_bottom&quot;:&quot;tilt&quot;}\">\n\t\t\t\t\t<div class=\"elementor-shape elementor-shape-bottom\" aria-hidden=\"true\" data-negative=\"false\">\n\t\t\t<svg xmlns=\"http:\/\/www.w3.org\/2000\/svg\" viewBox=\"0 0 1000 100\" preserveAspectRatio=\"none\">\n\t<path class=\"elementor-shape-fill\" d=\"M0,6V0h1000v100L0,6z\"\/>\n<\/svg>\t\t<\/div>\n\t\t\t\t\t<div class=\"elementor-container elementor-column-gap-default\">\n\t\t\t\t\t<div class=\"elementor-column elementor-col-50 elementor-top-column elementor-element elementor-element-590c88a8\" data-id=\"590c88a8\" data-element_type=\"column\" data-e-type=\"column\">\n\t\t\t<div class=\"elementor-widget-wrap elementor-element-populated\">\n\t\t\t\t\t\t<div class=\"elementor-element elementor-element-3057bf42 elementor-widget elementor-widget-heading\" data-id=\"3057bf42\" data-element_type=\"widget\" data-e-type=\"widget\" data-widget_type=\"heading.default\">\n\t\t\t\t<div class=\"elementor-widget-container\">\n\t\t\t\t\t<h2 class=\"elementor-heading-title elementor-size-default\">Art Restaurant M\u00e1nes<\/h2>\t\t\t\t<\/div>\n\t\t\t\t<\/div>\n\t\t\t\t<div class=\"elementor-element elementor-element-2d46a00c elementor-widget elementor-widget-text-editor\" data-id=\"2d46a00c\" data-element_type=\"widget\" data-e-type=\"widget\" data-widget_type=\"text-editor.default\">\n\t\t\t\t<div class=\"elementor-widget-container\">\n\t\t\t\t\t\t\t\t\t<p class=\"p1\"><a href=\"https:\/\/manesrestaurant.cz\/\" target=\"_blank\" rel=\"noopener\">Art Restaurant M\u00e1nes<\/a> je modern\u00ed komplex spojuj\u00edc\u00ed kulturu a kulin\u00e1\u0159sk\u00e9 um\u011bn\u00ed.<\/p><p class=\"p1\">P\u016fvodn\u00ed restaurace s terasou byla rekonstruov\u00e1na s d\u016frazem na \u010deskou restaura\u010dn\u00ed tradici. Prostory jsou zdoben\u00e9 um\u011bleck\u00fdmi d\u00edly, jako nap\u0159\u00edklad stropn\u00edmi freskami od \u010desk\u00e9ho kubistick\u00e9ho mal\u00ed\u0159e Emila Filly.<\/p><p class=\"p1\">V prostor\u00e1ch Art Restaurant M\u00e1nes se nach\u00e1z\u00ed restaurovan\u00e9 klav\u00edrn\u00ed k\u0159\u00eddlo Steinway &amp; Sons z roku 1897, na kter\u00e9m hr\u00e1val slavn\u00fd \u010desk\u00fd jazzov\u00fd klav\u00edrista, dirigent a skladatel Jaroslav Je\u017eek. Klav\u00edr oz\u00fdv\u00e1 sv\u00fdmi t\u00f3ny b\u011bhem swingov\u00fdch ve\u010der\u016f, na kter\u00fdch vystupuj\u00ed n\u011bkte\u0159\u00ed z nejlep\u0161\u00edch pra\u017esk\u00fdch jazzman\u016f.<\/p>\t\t\t\t\t\t\t\t<\/div>\n\t\t\t\t<\/div>\n\t\t\t\t\t<\/div>\n\t\t<\/div>\n\t\t\t\t<div class=\"elementor-column elementor-col-50 elementor-top-column elementor-element elementor-element-276d26d9\" data-id=\"276d26d9\" data-element_type=\"column\" data-e-type=\"column\">\n\t\t\t<div class=\"elementor-widget-wrap elementor-element-populated\">\n\t\t\t\t\t\t<div class=\"elementor-element elementor-element-65437205 elementor-widget elementor-widget-image\" data-id=\"65437205\" data-element_type=\"widget\" data-e-type=\"widget\" data-widget_type=\"image.default\">\n\t\t\t\t<div class=\"elementor-widget-container\">\n\t\t\t\t\t\t\t\t\t\t\t\t\t\t\t<img fetchpriority=\"high\" decoding=\"async\" width=\"742\" height=\"555\" src=\"https:\/\/sinatraprague.cz\/wp-content\/uploads\/2025\/01\/image-frame-13.png\" class=\"attachment-full size-full wp-image-25248\" alt=\"\" srcset=\"https:\/\/sinatraprague.cz\/wp-content\/uploads\/2025\/01\/image-frame-13.png 742w, https:\/\/sinatraprague.cz\/wp-content\/uploads\/2025\/01\/image-frame-13-600x449.png 600w\" sizes=\"(max-width: 742px) 100vw, 742px\" \/>\t\t\t\t\t\t\t\t\t\t\t\t\t\t\t<\/div>\n\t\t\t\t<\/div>\n\t\t\t\t\t<\/div>\n\t\t<\/div>\n\t\t\t\t\t<\/div>\n\t\t<\/section>\n\t\t\t\t<section class=\"elementor-section elementor-top-section elementor-element elementor-element-2d0a1ee5 elementor-section-height-min-height elementor-reverse-mobile art-box elementor-section-boxed elementor-section-height-default elementor-section-items-middle\" data-id=\"2d0a1ee5\" data-element_type=\"section\" data-e-type=\"section\" data-settings=\"{&quot;background_background&quot;:&quot;classic&quot;,&quot;shape_divider_bottom&quot;:&quot;tilt&quot;}\">\n\t\t\t\t\t<div class=\"elementor-shape elementor-shape-bottom\" aria-hidden=\"true\" data-negative=\"false\">\n\t\t\t<svg xmlns=\"http:\/\/www.w3.org\/2000\/svg\" viewBox=\"0 0 1000 100\" preserveAspectRatio=\"none\">\n\t<path class=\"elementor-shape-fill\" d=\"M0,6V0h1000v100L0,6z\"\/>\n<\/svg>\t\t<\/div>\n\t\t\t\t\t<div class=\"elementor-container elementor-column-gap-no\">\n\t\t\t\t\t<div class=\"elementor-column elementor-col-50 elementor-top-column elementor-element elementor-element-1956c208\" data-id=\"1956c208\" data-element_type=\"column\" data-e-type=\"column\">\n\t\t\t<div class=\"elementor-widget-wrap elementor-element-populated\">\n\t\t\t\t\t\t<div class=\"elementor-element elementor-element-5c895ae2 elementor-widget elementor-widget-image\" data-id=\"5c895ae2\" data-element_type=\"widget\" data-e-type=\"widget\" data-widget_type=\"image.default\">\n\t\t\t\t<div class=\"elementor-widget-container\">\n\t\t\t\t\t\t\t\t\t\t\t\t\t\t\t<img decoding=\"async\" width=\"742\" height=\"555\" src=\"https:\/\/sinatraprague.cz\/wp-content\/uploads\/2024\/04\/image-frame-06.png\" class=\"attachment-full size-full wp-image-22534\" alt=\"\" srcset=\"https:\/\/sinatraprague.cz\/wp-content\/uploads\/2024\/04\/image-frame-06.png 742w, https:\/\/sinatraprague.cz\/wp-content\/uploads\/2024\/04\/image-frame-06-600x449.png 600w\" sizes=\"(max-width: 742px) 100vw, 742px\" \/>\t\t\t\t\t\t\t\t\t\t\t\t\t\t\t<\/div>\n\t\t\t\t<\/div>\n\t\t\t\t\t<\/div>\n\t\t<\/div>\n\t\t\t\t<div class=\"elementor-column elementor-col-50 elementor-top-column elementor-element elementor-element-60c29f99\" data-id=\"60c29f99\" data-element_type=\"column\" data-e-type=\"column\">\n\t\t\t<div class=\"elementor-widget-wrap elementor-element-populated\">\n\t\t\t\t\t\t<div class=\"elementor-element elementor-element-f533082 elementor-widget elementor-widget-text-editor\" data-id=\"f533082\" data-element_type=\"widget\" data-e-type=\"widget\" data-widget_type=\"text-editor.default\">\n\t\t\t\t<div class=\"elementor-widget-container\">\n\t\t\t\t\t\t\t\t\t<p>\u00dast\u0159edn\u00edm prostorem budovy je hlavn\u00ed v\u00fdstavn\u00ed s\u00ed\u0148, navr\u017een\u00e1 pro po\u0159\u00e1d\u00e1n\u00ed v\u00fdstav r\u016fzn\u00fdch v\u00fdtvarn\u00fdch um\u011bleck\u00fdch obor\u016f na sv\u011btov\u00e9 \u00farovni. V\u00fdstavn\u00ed s\u00ed\u0148 proch\u00e1z\u00ed ve sv\u00e9 centr\u00e1ln\u00ed \u010d\u00e1sti do \u00farovn\u011b 2. patra a je osv\u011btlena prosklenou ocelovou sedlovou st\u0159echou.<\/p><p>Ve spodn\u00edm podla\u017e\u00ed jsou dva multifunk\u010dn\u00ed prostory pro po\u0159\u00e1d\u00e1n\u00ed projekc\u00ed, p\u0159edn\u00e1\u0161ek, workshop\u016f, aukc\u00ed, men\u0161\u00edch v\u00fdstav apod.<\/p><p>M\u00e1nes je spolu se \u0160t\u00edtkovskou vod\u00e1renskou v\u011b\u017e\u00ed zaps\u00e1n v <a href=\"https:\/\/cs.wikipedia.org\/wiki\/Kategorie:Kulturn%C3%AD_pam%C3%A1tky_na_Nov%C3%A9m_M%C4%9Bst%C4%9B_(Praha_1)\" target=\"_blank\" rel=\"noopener\">Seznamu kulturn\u00edch pam\u00e1tek \u010cR<\/a> a chr\u00e1n\u011bn jako nemovit\u00e1 pam\u00e1tka.<\/p>\t\t\t\t\t\t\t\t<\/div>\n\t\t\t\t<\/div>\n\t\t\t\t\t<\/div>\n\t\t<\/div>\n\t\t\t\t\t<\/div>\n\t\t<\/section>\n\t\t\t\t<section class=\"elementor-section elementor-top-section elementor-element elementor-element-2f03cf18 elementor-section-height-min-height elementor-section-boxed elementor-section-height-default elementor-section-items-middle\" data-id=\"2f03cf18\" data-element_type=\"section\" data-e-type=\"section\">\n\t\t\t\t\t\t<div class=\"elementor-container elementor-column-gap-default\">\n\t\t\t\t\t<div class=\"elementor-column elementor-col-50 elementor-top-column elementor-element elementor-element-1e455697\" data-id=\"1e455697\" data-element_type=\"column\" data-e-type=\"column\">\n\t\t\t<div class=\"elementor-widget-wrap elementor-element-populated\">\n\t\t\t\t\t\t<div class=\"elementor-element elementor-element-11235b10 elementor-widget elementor-widget-heading\" data-id=\"11235b10\" data-element_type=\"widget\" data-e-type=\"widget\" data-widget_type=\"heading.default\">\n\t\t\t\t<div class=\"elementor-widget-container\">\n\t\t\t\t\t<h2 class=\"elementor-heading-title elementor-size-default\">Spolek v\u00fdtvarn\u00fdch um\u011blc\u016f<\/h2>\t\t\t\t<\/div>\n\t\t\t\t<\/div>\n\t\t\t\t<div class=\"elementor-element elementor-element-2b2fdbea elementor-widget elementor-widget-text-editor\" data-id=\"2b2fdbea\" data-element_type=\"widget\" data-e-type=\"widget\" data-widget_type=\"text-editor.default\">\n\t\t\t\t<div class=\"elementor-widget-container\">\n\t\t\t\t\t\t\t\t\t<p>Komplex prostor pro kulturn\u00ed prezentaci M\u00e1nes byl postaven spolkem v\u00fdtvarn\u00fdch um\u011blc\u016f M\u00e1nes, kter\u00fd byl zalo\u017een u\u017e v roce 1887.<\/p><p>Na m\u00edst\u011b \u0160\u00edtkovsk\u00fdch ml\u00fdn\u016f a vod\u00e1rensk\u00e9 v\u011b\u017ee byla postavena nov\u00e1 budova. Podm\u00ednkou pro povolen\u00ed stavby bylo zachov\u00e1n\u00ed pr\u016ftoku \u0159eky a zbour\u00e1n\u00ed star\u00e9 stavby.<\/p><p>Architektonick\u00fd n\u00e1vrh zpracoval p\u0159edseda spolu M\u00e1nes Otakar Novotn\u00fd a ve sv\u00e9m n\u00e1vrhu p\u0159edstavil funkcionalistickou budovu p\u0159irozen\u011b napojenou na historickou kamennou v\u011b\u017e. I p\u0159es komplikace p\u0159i bour\u00e1n\u00ed ml\u00fdna se nov\u00e1 galerie otev\u0159ela po 16 m\u011bs\u00edc\u00edch, v \u0159\u00edjnu 1930.<\/p><p>Budova je situovan\u00e1 podobn\u011b jako p\u016fvodn\u00ed ml\u00fdny a citliv\u011b navazuje na renesan\u010dn\u00ed vod\u00e1renskou v\u011b\u017e. Vynik\u00e1 ne\u010dekan\u00fdmi pohledy na m\u011bsto, kter\u00e9 umoc\u0148uj\u00ed \u00fazk\u00e9 pochoz\u00ed terasy pod\u00e9l budovy. Kdekoliv sed\u00edte nebo stoj\u00edte, m\u00e1te se na co d\u00edvat.<\/p><p>V letech 2012\u20132014 byla provedena celkov\u00e1 rekonstrukce, kter\u00e1 budov\u011b vr\u00e1tila podobu z 30. let. Nav\u00e1zala tak na opravy spodn\u00ed \u010d\u00e1sti domu a zpevn\u011bn\u00ed mostn\u00ed konstrukce pod hladinou v polovin\u011b 90. let.<\/p>\t\t\t\t\t\t\t\t<\/div>\n\t\t\t\t<\/div>\n\t\t\t\t\t<\/div>\n\t\t<\/div>\n\t\t\t\t<div class=\"elementor-column elementor-col-50 elementor-top-column elementor-element elementor-element-30395e3d\" data-id=\"30395e3d\" data-element_type=\"column\" data-e-type=\"column\">\n\t\t\t<div class=\"elementor-widget-wrap elementor-element-populated\">\n\t\t\t\t\t\t<div class=\"elementor-element elementor-element-1c07e06e elementor-widget elementor-widget-image\" data-id=\"1c07e06e\" data-element_type=\"widget\" data-e-type=\"widget\" data-widget_type=\"image.default\">\n\t\t\t\t<div class=\"elementor-widget-container\">\n\t\t\t\t\t\t\t\t\t\t\t\t\t\t\t<img decoding=\"async\" width=\"403\" height=\"555\" src=\"https:\/\/sinatraprague.cz\/wp-content\/uploads\/2024\/04\/image-frame-vyska-02.png\" class=\"attachment-full size-full wp-image-22203\" alt=\"\" \/>\t\t\t\t\t\t\t\t\t\t\t\t\t\t\t<\/div>\n\t\t\t\t<\/div>\n\t\t\t\t\t<\/div>\n\t\t<\/div>\n\t\t\t\t\t<\/div>\n\t\t<\/section>\n\t\t\t\t<\/div>\n\t\t","protected":false},"excerpt":{"rendered":"<p>Art Restaurant M\u00e1nes Art Restaurant M\u00e1nes Art Restaurant M\u00e1nes je modern\u00ed komplex spojuj\u00edc\u00ed kulturu a kulin\u00e1\u0159sk\u00e9 um\u011bn\u00ed. P\u016fvodn\u00ed restaurace s terasou byla rekonstruov\u00e1na s d\u016frazem na \u010deskou restaura\u010dn\u00ed tradici. Prostory jsou zdoben\u00e9 um\u011bleck\u00fdmi d\u00edly, jako nap\u0159\u00edklad stropn\u00edmi freskami od \u010desk\u00e9ho kubistick\u00e9ho mal\u00ed\u0159e Emila Filly. V prostor\u00e1ch Art Restaurant M\u00e1nes se nach\u00e1z\u00ed restaurovan\u00e9 klav\u00edrn\u00ed k\u0159\u00eddlo Steinway [&hellip;]<\/p>\n","protected":false},"author":14,"featured_media":20936,"parent":0,"menu_order":0,"comment_status":"closed","ping_status":"closed","template":"","meta":{"footnotes":""},"class_list":["post-22777","page","type-page","status-publish","has-post-thumbnail","hentry"],"yoast_head":"<!-- This site is optimized with the Yoast SEO plugin v27.4 - https:\/\/yoast.com\/product\/yoast-seo-wordpress\/ -->\n<title>Art Restaurant M\u00e1nes - Sinatra Prague<\/title>\n<meta name=\"robots\" content=\"index, follow, max-snippet:-1, max-image-preview:large, max-video-preview:-1\" \/>\n<link rel=\"canonical\" href=\"https:\/\/sinatraprague.cz\/art-restaurant-manes\/\" \/>\n<meta property=\"og:locale\" content=\"cs_CZ\" \/>\n<meta property=\"og:type\" content=\"article\" \/>\n<meta property=\"og:title\" content=\"Art Restaurant M\u00e1nes - Sinatra Prague\" \/>\n<meta property=\"og:description\" content=\"Art Restaurant M\u00e1nes Art Restaurant M\u00e1nes Art Restaurant M\u00e1nes je modern\u00ed komplex spojuj\u00edc\u00ed kulturu a kulin\u00e1\u0159sk\u00e9 um\u011bn\u00ed. P\u016fvodn\u00ed restaurace s terasou byla rekonstruov\u00e1na s d\u016frazem na \u010deskou restaura\u010dn\u00ed tradici. Prostory jsou zdoben\u00e9 um\u011bleck\u00fdmi d\u00edly, jako nap\u0159\u00edklad stropn\u00edmi freskami od \u010desk\u00e9ho kubistick\u00e9ho mal\u00ed\u0159e Emila Filly. V prostor\u00e1ch Art Restaurant M\u00e1nes se nach\u00e1z\u00ed restaurovan\u00e9 klav\u00edrn\u00ed k\u0159\u00eddlo Steinway [&hellip;]\" \/>\n<meta property=\"og:url\" content=\"https:\/\/sinatraprague.cz\/art-restaurant-manes\/\" \/>\n<meta property=\"og:site_name\" content=\"Sinatra Prague\" \/>\n<meta property=\"article:publisher\" content=\"https:\/\/www.facebook.com\/SinatraTributePrague\" \/>\n<meta property=\"article:modified_time\" content=\"2025-01-24T09:20:03+00:00\" \/>\n<meta property=\"og:image\" content=\"https:\/\/sinatraprague.cz\/wp-content\/uploads\/2024\/04\/setup_hall_jazz_dinner_prague_v04.jpg\" \/>\n\t<meta property=\"og:image:width\" content=\"1440\" \/>\n\t<meta property=\"og:image:height\" content=\"960\" \/>\n\t<meta property=\"og:image:type\" content=\"image\/jpeg\" \/>\n<meta name=\"twitter:card\" content=\"summary_large_image\" \/>\n<meta name=\"twitter:label1\" content=\"Odhadovan\u00e1 doba \u010dten\u00ed\" \/>\n\t<meta name=\"twitter:data1\" content=\"3 minuty\" \/>\n<script type=\"application\/ld+json\" class=\"yoast-schema-graph\">{\"@context\":\"https:\\\/\\\/schema.org\",\"@graph\":[{\"@type\":\"WebPage\",\"@id\":\"https:\\\/\\\/sinatraprague.cz\\\/art-restaurant-manes\\\/\",\"url\":\"https:\\\/\\\/sinatraprague.cz\\\/art-restaurant-manes\\\/\",\"name\":\"Art Restaurant M\u00e1nes - Sinatra Prague\",\"isPartOf\":{\"@id\":\"https:\\\/\\\/sinatraprague.cz\\\/#website\"},\"primaryImageOfPage\":{\"@id\":\"https:\\\/\\\/sinatraprague.cz\\\/art-restaurant-manes\\\/#primaryimage\"},\"image\":{\"@id\":\"https:\\\/\\\/sinatraprague.cz\\\/art-restaurant-manes\\\/#primaryimage\"},\"thumbnailUrl\":\"https:\\\/\\\/sinatraprague.cz\\\/wp-content\\\/uploads\\\/2024\\\/04\\\/setup_hall_jazz_dinner_prague_v04.jpg\",\"datePublished\":\"2024-04-12T11:48:24+00:00\",\"dateModified\":\"2025-01-24T09:20:03+00:00\",\"breadcrumb\":{\"@id\":\"https:\\\/\\\/sinatraprague.cz\\\/art-restaurant-manes\\\/#breadcrumb\"},\"inLanguage\":\"cs\",\"potentialAction\":[{\"@type\":\"ReadAction\",\"target\":[\"https:\\\/\\\/sinatraprague.cz\\\/art-restaurant-manes\\\/\"]}]},{\"@type\":\"ImageObject\",\"inLanguage\":\"cs\",\"@id\":\"https:\\\/\\\/sinatraprague.cz\\\/art-restaurant-manes\\\/#primaryimage\",\"url\":\"https:\\\/\\\/sinatraprague.cz\\\/wp-content\\\/uploads\\\/2024\\\/04\\\/setup_hall_jazz_dinner_prague_v04.jpg\",\"contentUrl\":\"https:\\\/\\\/sinatraprague.cz\\\/wp-content\\\/uploads\\\/2024\\\/04\\\/setup_hall_jazz_dinner_prague_v04.jpg\",\"width\":1440,\"height\":960},{\"@type\":\"BreadcrumbList\",\"@id\":\"https:\\\/\\\/sinatraprague.cz\\\/art-restaurant-manes\\\/#breadcrumb\",\"itemListElement\":[{\"@type\":\"ListItem\",\"position\":1,\"name\":\"Home\",\"item\":\"https:\\\/\\\/sinatraprague.cz\\\/\"},{\"@type\":\"ListItem\",\"position\":2,\"name\":\"Art Restaurant M\u00e1nes\"}]},{\"@type\":\"WebSite\",\"@id\":\"https:\\\/\\\/sinatraprague.cz\\\/#website\",\"url\":\"https:\\\/\\\/sinatraprague.cz\\\/\",\"name\":\"Sinatra Tribute\",\"description\":\"Official website\",\"publisher\":{\"@id\":\"https:\\\/\\\/sinatraprague.cz\\\/#organization\"},\"alternateName\":\"Koncert a ve\u010de\u0159e\",\"potentialAction\":[{\"@type\":\"SearchAction\",\"target\":{\"@type\":\"EntryPoint\",\"urlTemplate\":\"https:\\\/\\\/sinatraprague.cz\\\/?s={search_term_string}\"},\"query-input\":{\"@type\":\"PropertyValueSpecification\",\"valueRequired\":true,\"valueName\":\"search_term_string\"}}],\"inLanguage\":\"cs\"},{\"@type\":\"Organization\",\"@id\":\"https:\\\/\\\/sinatraprague.cz\\\/#organization\",\"name\":\"Sinatra Tribute Praha\",\"alternateName\":\"Koncert a ve\u010de\u0159e\",\"url\":\"https:\\\/\\\/sinatraprague.cz\\\/\",\"logo\":{\"@type\":\"ImageObject\",\"inLanguage\":\"cs\",\"@id\":\"https:\\\/\\\/sinatraprague.cz\\\/#\\\/schema\\\/logo\\\/image\\\/\",\"url\":\"https:\\\/\\\/sinatraprague.cz\\\/wp-content\\\/uploads\\\/2024\\\/04\\\/ST-logo-black.svg\",\"contentUrl\":\"https:\\\/\\\/sinatraprague.cz\\\/wp-content\\\/uploads\\\/2024\\\/04\\\/ST-logo-black.svg\",\"width\":1,\"height\":1,\"caption\":\"Sinatra Tribute Praha\"},\"image\":{\"@id\":\"https:\\\/\\\/sinatraprague.cz\\\/#\\\/schema\\\/logo\\\/image\\\/\"},\"sameAs\":[\"https:\\\/\\\/www.facebook.com\\\/SinatraTributePrague\"]}]}<\/script>\n<!-- \/ Yoast SEO plugin. -->","yoast_head_json":{"title":"Art Restaurant M\u00e1nes - Sinatra Prague","robots":{"index":"index","follow":"follow","max-snippet":"max-snippet:-1","max-image-preview":"max-image-preview:large","max-video-preview":"max-video-preview:-1"},"canonical":"https:\/\/sinatraprague.cz\/art-restaurant-manes\/","og_locale":"cs_CZ","og_type":"article","og_title":"Art Restaurant M\u00e1nes - Sinatra Prague","og_description":"Art Restaurant M\u00e1nes Art Restaurant M\u00e1nes Art Restaurant M\u00e1nes je modern\u00ed komplex spojuj\u00edc\u00ed kulturu a kulin\u00e1\u0159sk\u00e9 um\u011bn\u00ed. P\u016fvodn\u00ed restaurace s terasou byla rekonstruov\u00e1na s d\u016frazem na \u010deskou restaura\u010dn\u00ed tradici. Prostory jsou zdoben\u00e9 um\u011bleck\u00fdmi d\u00edly, jako nap\u0159\u00edklad stropn\u00edmi freskami od \u010desk\u00e9ho kubistick\u00e9ho mal\u00ed\u0159e Emila Filly. V prostor\u00e1ch Art Restaurant M\u00e1nes se nach\u00e1z\u00ed restaurovan\u00e9 klav\u00edrn\u00ed k\u0159\u00eddlo Steinway [&hellip;]","og_url":"https:\/\/sinatraprague.cz\/art-restaurant-manes\/","og_site_name":"Sinatra Prague","article_publisher":"https:\/\/www.facebook.com\/SinatraTributePrague","article_modified_time":"2025-01-24T09:20:03+00:00","og_image":[{"width":1440,"height":960,"url":"https:\/\/sinatraprague.cz\/wp-content\/uploads\/2024\/04\/setup_hall_jazz_dinner_prague_v04.jpg","type":"image\/jpeg"}],"twitter_card":"summary_large_image","twitter_misc":{"Odhadovan\u00e1 doba \u010dten\u00ed":"3 minuty"},"schema":{"@context":"https:\/\/schema.org","@graph":[{"@type":"WebPage","@id":"https:\/\/sinatraprague.cz\/art-restaurant-manes\/","url":"https:\/\/sinatraprague.cz\/art-restaurant-manes\/","name":"Art Restaurant M\u00e1nes - Sinatra Prague","isPartOf":{"@id":"https:\/\/sinatraprague.cz\/#website"},"primaryImageOfPage":{"@id":"https:\/\/sinatraprague.cz\/art-restaurant-manes\/#primaryimage"},"image":{"@id":"https:\/\/sinatraprague.cz\/art-restaurant-manes\/#primaryimage"},"thumbnailUrl":"https:\/\/sinatraprague.cz\/wp-content\/uploads\/2024\/04\/setup_hall_jazz_dinner_prague_v04.jpg","datePublished":"2024-04-12T11:48:24+00:00","dateModified":"2025-01-24T09:20:03+00:00","breadcrumb":{"@id":"https:\/\/sinatraprague.cz\/art-restaurant-manes\/#breadcrumb"},"inLanguage":"cs","potentialAction":[{"@type":"ReadAction","target":["https:\/\/sinatraprague.cz\/art-restaurant-manes\/"]}]},{"@type":"ImageObject","inLanguage":"cs","@id":"https:\/\/sinatraprague.cz\/art-restaurant-manes\/#primaryimage","url":"https:\/\/sinatraprague.cz\/wp-content\/uploads\/2024\/04\/setup_hall_jazz_dinner_prague_v04.jpg","contentUrl":"https:\/\/sinatraprague.cz\/wp-content\/uploads\/2024\/04\/setup_hall_jazz_dinner_prague_v04.jpg","width":1440,"height":960},{"@type":"BreadcrumbList","@id":"https:\/\/sinatraprague.cz\/art-restaurant-manes\/#breadcrumb","itemListElement":[{"@type":"ListItem","position":1,"name":"Home","item":"https:\/\/sinatraprague.cz\/"},{"@type":"ListItem","position":2,"name":"Art Restaurant M\u00e1nes"}]},{"@type":"WebSite","@id":"https:\/\/sinatraprague.cz\/#website","url":"https:\/\/sinatraprague.cz\/","name":"Sinatra Tribute","description":"Official website","publisher":{"@id":"https:\/\/sinatraprague.cz\/#organization"},"alternateName":"Koncert a ve\u010de\u0159e","potentialAction":[{"@type":"SearchAction","target":{"@type":"EntryPoint","urlTemplate":"https:\/\/sinatraprague.cz\/?s={search_term_string}"},"query-input":{"@type":"PropertyValueSpecification","valueRequired":true,"valueName":"search_term_string"}}],"inLanguage":"cs"},{"@type":"Organization","@id":"https:\/\/sinatraprague.cz\/#organization","name":"Sinatra Tribute Praha","alternateName":"Koncert a ve\u010de\u0159e","url":"https:\/\/sinatraprague.cz\/","logo":{"@type":"ImageObject","inLanguage":"cs","@id":"https:\/\/sinatraprague.cz\/#\/schema\/logo\/image\/","url":"https:\/\/sinatraprague.cz\/wp-content\/uploads\/2024\/04\/ST-logo-black.svg","contentUrl":"https:\/\/sinatraprague.cz\/wp-content\/uploads\/2024\/04\/ST-logo-black.svg","width":1,"height":1,"caption":"Sinatra Tribute Praha"},"image":{"@id":"https:\/\/sinatraprague.cz\/#\/schema\/logo\/image\/"},"sameAs":["https:\/\/www.facebook.com\/SinatraTributePrague"]}]}},"publishpress_future_workflow_manual_trigger":{"enabledWorkflows":[]},"_links":{"self":[{"href":"https:\/\/sinatraprague.cz\/cs\/wp-json\/wp\/v2\/pages\/22777","targetHints":{"allow":["GET"]}}],"collection":[{"href":"https:\/\/sinatraprague.cz\/cs\/wp-json\/wp\/v2\/pages"}],"about":[{"href":"https:\/\/sinatraprague.cz\/cs\/wp-json\/wp\/v2\/types\/page"}],"author":[{"embeddable":true,"href":"https:\/\/sinatraprague.cz\/cs\/wp-json\/wp\/v2\/users\/14"}],"replies":[{"embeddable":true,"href":"https:\/\/sinatraprague.cz\/cs\/wp-json\/wp\/v2\/comments?post=22777"}],"version-history":[{"count":10,"href":"https:\/\/sinatraprague.cz\/cs\/wp-json\/wp\/v2\/pages\/22777\/revisions"}],"predecessor-version":[{"id":25273,"href":"https:\/\/sinatraprague.cz\/cs\/wp-json\/wp\/v2\/pages\/22777\/revisions\/25273"}],"wp:featuredmedia":[{"embeddable":true,"href":"https:\/\/sinatraprague.cz\/cs\/wp-json\/wp\/v2\/media\/20936"}],"wp:attachment":[{"href":"https:\/\/sinatraprague.cz\/cs\/wp-json\/wp\/v2\/media?parent=22777"}],"curies":[{"name":"wp","href":"https:\/\/api.w.org\/{rel}","templated":true}]}}