{"id":22758,"date":"2024-04-12T13:48:19","date_gmt":"2024-04-12T11:48:19","guid":{"rendered":"https:\/\/sinatraprague.cz\/?page_id=22758"},"modified":"2026-05-05T21:36:51","modified_gmt":"2026-05-05T19:36:51","slug":"cenik","status":"publish","type":"page","link":"https:\/\/sinatraprague.cz\/cs\/cenik\/","title":{"rendered":"Cen\u00edk"},"content":{"rendered":"\t\t<div data-elementor-type=\"wp-page\" data-elementor-id=\"22758\" class=\"elementor elementor-22758 elementor-20895\" data-elementor-post-type=\"page\">\n\t\t\t\t\t\t<section class=\"elementor-section elementor-top-section elementor-element elementor-element-329161b2 elementor-section-height-min-height elementor-section-boxed elementor-section-height-default elementor-section-items-middle\" data-id=\"329161b2\" data-element_type=\"section\" data-e-type=\"section\" data-settings=\"{&quot;background_background&quot;:&quot;classic&quot;,&quot;shape_divider_bottom&quot;:&quot;tilt&quot;}\">\n\t\t\t\t\t<div class=\"elementor-shape elementor-shape-bottom\" aria-hidden=\"true\" data-negative=\"false\">\n\t\t\t<svg xmlns=\"http:\/\/www.w3.org\/2000\/svg\" viewBox=\"0 0 1000 100\" preserveAspectRatio=\"none\">\n\t<path class=\"elementor-shape-fill\" d=\"M0,6V0h1000v100L0,6z\"\/>\n<\/svg>\t\t<\/div>\n\t\t\t\t\t<div class=\"elementor-container elementor-column-gap-default\">\n\t\t\t\t\t<div class=\"elementor-column elementor-col-100 elementor-top-column elementor-element elementor-element-3fdf44fc\" data-id=\"3fdf44fc\" data-element_type=\"column\" data-e-type=\"column\">\n\t\t\t<div class=\"elementor-widget-wrap elementor-element-populated\">\n\t\t\t\t\t\t<div class=\"elementor-element elementor-element-333a4bed elementor-widget elementor-widget-heading\" data-id=\"333a4bed\" data-element_type=\"widget\" data-e-type=\"widget\" data-widget_type=\"heading.default\">\n\t\t\t\t<div class=\"elementor-widget-container\">\n\t\t\t\t\t<h1 class=\"elementor-heading-title elementor-size-default\">Cen\u00edk<\/h1>\t\t\t\t<\/div>\n\t\t\t\t<\/div>\n\t\t\t\t\t<\/div>\n\t\t<\/div>\n\t\t\t\t\t<\/div>\n\t\t<\/section>\n\t\t\t\t<section class=\"elementor-section elementor-top-section elementor-element elementor-element-63c00f02 elementor-section-height-min-height elementor-section-items-top elementor-section-boxed elementor-section-height-default\" data-id=\"63c00f02\" data-element_type=\"section\" data-e-type=\"section\" data-settings=\"{&quot;background_background&quot;:&quot;classic&quot;}\">\n\t\t\t\t\t\t<div class=\"elementor-container elementor-column-gap-default\">\n\t\t\t\t\t<div class=\"elementor-column elementor-col-50 elementor-top-column elementor-element elementor-element-714ce07c\" data-id=\"714ce07c\" data-element_type=\"column\" data-e-type=\"column\">\n\t\t\t<div class=\"elementor-widget-wrap elementor-element-populated\">\n\t\t\t\t\t\t<div class=\"elementor-element elementor-element-65005e cenik elementor-widget elementor-widget-text-editor\" data-id=\"65005e\" data-element_type=\"widget\" data-e-type=\"widget\" data-widget_type=\"text-editor.default\">\n\t\t\t\t<div class=\"elementor-widget-container\">\n\t\t\t\t\t\t\t\t\t<p><b>Vstupenka na koncert s ve\u010de\u0159\u00ed a uv\u00edtac\u00edm n\u00e1pojem<\/b><b><\/b><\/p><ul class=\"ul1\"><li class=\"li1\">1 osoba u stolu pro dva \u2013 2 360 K\u010d<\/li><li>1 osoba u stolu pro dva s omezenou viditelnost\u00ed \u2013 2 060 K\u010d<\/li><li>1 osoba u stolu pro osm ve t\u0159et\u00ed \u0159ad\u011b \u2013 2 060 K\u010d<\/li><li>1 osoba u stolu pro osm ve \u010dtvrt\u00e9 \u0159ad\u011b \u2013 1 860 K\u010d<\/li><li class=\"li1\">1 d\u00edt\u011b do 12 let \u2013 1 350 K\u010d<\/li><\/ul><p class=\"p1\"><b><br \/>Vstupenka na koncert, ve\u010de\u0159i a n\u00e1pojov\u00fd bal\u00ed\u010dek<\/b><b><\/b><\/p><ul class=\"ul1\"><li class=\"li1\">1 osoba u stolu pro dva \u2013 2 990 K\u010d<\/li><li>1 osoba u stolu pro dva s omezenou viditelnost\u00ed \u2013 2 690 K\u010d<\/li><li>1 osoba u stolu pro osm ve t\u0159et\u00ed \u0159ad\u011b \u2013 2 690 K\u010d<\/li><li class=\"li1\">1 osoba u stolu pro osm ve \u010dtvrt\u00e9 \u0159ad\u011b \u2013 2 490 K\u010d<\/li><li class=\"li1\">1 d\u00edt\u011b do 12 let \u2013 1 700 K\u010d<\/li><\/ul><p><b><br \/>Vstupenka na koncert<\/b><\/p><ul class=\"ul1\"><li class=\"li1\">1 osoba u stolu pro dva pouze koncert \u2013 1 360 K\u010d<\/li><li>1 osoba u stolu pro dva s omezenou viditelnost\u00ed \u2013 1 060 K\u010d<\/li><li>1 osoba u stolu pro osm ve t\u0159et\u00ed \u0159ad\u011b pouze koncert \u2013 1 060 K\u010d<\/li><li class=\"li1\">1 osoba u stolu pro osm ve \u010dtvrt\u00e9 \u0159ad\u011b pouze koncert \u2013 860 K\u010d<\/li><li class=\"li1\">1 d\u00edt\u011b do 12 let \u2013 760 K\u010d<\/li><\/ul>\t\t\t\t\t\t\t\t<\/div>\n\t\t\t\t<\/div>\n\t\t\t\t<div class=\"elementor-element elementor-element-950978c e-transform elementor-widget elementor-widget-button\" data-id=\"950978c\" data-element_type=\"widget\" data-e-type=\"widget\" data-settings=\"{&quot;_transform_scale_effect&quot;:{&quot;unit&quot;:&quot;px&quot;,&quot;size&quot;:&quot;&quot;,&quot;sizes&quot;:[]},&quot;_transform_scale_effect_laptop&quot;:{&quot;unit&quot;:&quot;px&quot;,&quot;size&quot;:&quot;&quot;,&quot;sizes&quot;:[]},&quot;_transform_scale_effect_tablet&quot;:{&quot;unit&quot;:&quot;px&quot;,&quot;size&quot;:&quot;&quot;,&quot;sizes&quot;:[]},&quot;_transform_scale_effect_mobile&quot;:{&quot;unit&quot;:&quot;px&quot;,&quot;size&quot;:&quot;&quot;,&quot;sizes&quot;:[]}}\" data-widget_type=\"button.default\">\n\t\t\t\t<div class=\"elementor-widget-container\">\n\t\t\t\t\t\t\t\t\t<div class=\"elementor-button-wrapper\">\n\t\t\t\t\t<a class=\"elementor-button elementor-button-link elementor-size-sm\" href=\"https:\/\/sinatraprague.cz\/cs\/volba-terminu\/\">\n\t\t\t\t\t\t<span class=\"elementor-button-content-wrapper\">\n\t\t\t\t\t\t\t\t\t<span class=\"elementor-button-text\">Vstupenky<\/span>\n\t\t\t\t\t<\/span>\n\t\t\t\t\t<\/a>\n\t\t\t\t<\/div>\n\t\t\t\t\t\t\t\t<\/div>\n\t\t\t\t<\/div>\n\t\t\t\t\t<\/div>\n\t\t<\/div>\n\t\t\t\t<div class=\"elementor-column elementor-col-50 elementor-top-column elementor-element elementor-element-50317343\" data-id=\"50317343\" data-element_type=\"column\" data-e-type=\"column\">\n\t\t\t<div class=\"elementor-widget-wrap elementor-element-populated\">\n\t\t\t\t\t\t<div class=\"elementor-element elementor-element-6ea6d333 elementor-widget elementor-widget-image\" data-id=\"6ea6d333\" data-element_type=\"widget\" data-e-type=\"widget\" data-widget_type=\"image.default\">\n\t\t\t\t<div class=\"elementor-widget-container\">\n\t\t\t\t\t\t\t\t\t\t\t\t\t\t\t<img fetchpriority=\"high\" decoding=\"async\" width=\"742\" height=\"555\" src=\"https:\/\/sinatraprague.cz\/wp-content\/uploads\/2024\/04\/image-frame-04.png\" class=\"attachment-full size-full wp-image-21846\" alt=\"\" srcset=\"https:\/\/sinatraprague.cz\/wp-content\/uploads\/2024\/04\/image-frame-04.png 742w, https:\/\/sinatraprague.cz\/wp-content\/uploads\/2024\/04\/image-frame-04-600x449.png 600w\" sizes=\"(max-width: 742px) 100vw, 742px\" \/>\t\t\t\t\t\t\t\t\t\t\t\t\t\t\t<\/div>\n\t\t\t\t<\/div>\n\t\t\t\t\t<\/div>\n\t\t<\/div>\n\t\t\t\t\t<\/div>\n\t\t<\/section>\n\t\t\t\t<\/div>\n\t\t","protected":false},"excerpt":{"rendered":"<p>Cen\u00edk Vstupenka na koncert s ve\u010de\u0159\u00ed a uv\u00edtac\u00edm n\u00e1pojem 1 osoba u stolu pro dva \u2013 2 360 K\u010d 1 osoba u stolu pro dva s omezenou viditelnost\u00ed \u2013 2 060 K\u010d 1 osoba u stolu pro osm ve t\u0159et\u00ed \u0159ad\u011b \u2013 2 060 K\u010d 1 osoba u stolu pro osm ve \u010dtvrt\u00e9 \u0159ad\u011b \u2013 [&hellip;]<\/p>\n","protected":false},"author":14,"featured_media":0,"parent":0,"menu_order":0,"comment_status":"closed","ping_status":"closed","template":"","meta":{"footnotes":""},"class_list":["post-22758","page","type-page","status-publish","hentry"],"yoast_head":"<!-- This site is optimized with the Yoast SEO plugin v27.5 - https:\/\/yoast.com\/product\/yoast-seo-wordpress\/ -->\n<title>Cen\u00edk - Sinatra Prague<\/title>\n<meta name=\"robots\" content=\"index, follow, max-snippet:-1, max-image-preview:large, max-video-preview:-1\" \/>\n<link rel=\"canonical\" href=\"https:\/\/sinatraprague.cz\/cs\/cenik\/\" \/>\n<meta property=\"og:locale\" content=\"cs_CZ\" \/>\n<meta property=\"og:type\" content=\"article\" \/>\n<meta property=\"og:title\" content=\"Cen\u00edk - Sinatra Prague\" \/>\n<meta property=\"og:description\" content=\"Cen\u00edk Vstupenka na koncert s ve\u010de\u0159\u00ed a uv\u00edtac\u00edm n\u00e1pojem 1 osoba u stolu pro dva \u2013 2 360 K\u010d 1 osoba u stolu pro dva s omezenou viditelnost\u00ed \u2013 2 060 K\u010d 1 osoba u stolu pro osm ve t\u0159et\u00ed \u0159ad\u011b \u2013 2 060 K\u010d 1 osoba u stolu pro osm ve \u010dtvrt\u00e9 \u0159ad\u011b \u2013 [&hellip;]\" \/>\n<meta property=\"og:url\" content=\"https:\/\/sinatraprague.cz\/cs\/cenik\/\" \/>\n<meta property=\"og:site_name\" content=\"Sinatra Prague\" \/>\n<meta property=\"article:publisher\" content=\"https:\/\/www.facebook.com\/SinatraTributePrague\" \/>\n<meta property=\"article:modified_time\" content=\"2026-05-05T19:36:51+00:00\" \/>\n<meta property=\"og:image\" content=\"https:\/\/sinatraprague.cz\/wp-content\/uploads\/2024\/04\/image-frame-04.png\" \/>\n\t<meta property=\"og:image:width\" content=\"742\" \/>\n\t<meta property=\"og:image:height\" content=\"555\" \/>\n\t<meta property=\"og:image:type\" content=\"image\/png\" \/>\n<meta name=\"twitter:card\" content=\"summary_large_image\" \/>\n<meta name=\"twitter:label1\" content=\"Odhadovan\u00e1 doba \u010dten\u00ed\" \/>\n\t<meta name=\"twitter:data1\" content=\"2 minuty\" \/>\n<script type=\"application\/ld+json\" class=\"yoast-schema-graph\">{\"@context\":\"https:\\\/\\\/schema.org\",\"@graph\":[{\"@type\":\"WebPage\",\"@id\":\"https:\\\/\\\/sinatraprague.cz\\\/cs\\\/cenik\\\/\",\"url\":\"https:\\\/\\\/sinatraprague.cz\\\/cs\\\/cenik\\\/\",\"name\":\"Cen\u00edk - Sinatra Prague\",\"isPartOf\":{\"@id\":\"https:\\\/\\\/sinatraprague.cz\\\/#website\"},\"primaryImageOfPage\":{\"@id\":\"https:\\\/\\\/sinatraprague.cz\\\/cs\\\/cenik\\\/#primaryimage\"},\"image\":{\"@id\":\"https:\\\/\\\/sinatraprague.cz\\\/cs\\\/cenik\\\/#primaryimage\"},\"thumbnailUrl\":\"https:\\\/\\\/sinatraprague.cz\\\/wp-content\\\/uploads\\\/2024\\\/04\\\/image-frame-04.png\",\"datePublished\":\"2024-04-12T11:48:19+00:00\",\"dateModified\":\"2026-05-05T19:36:51+00:00\",\"breadcrumb\":{\"@id\":\"https:\\\/\\\/sinatraprague.cz\\\/cs\\\/cenik\\\/#breadcrumb\"},\"inLanguage\":\"cs\",\"potentialAction\":[{\"@type\":\"ReadAction\",\"target\":[\"https:\\\/\\\/sinatraprague.cz\\\/cs\\\/cenik\\\/\"]}]},{\"@type\":\"ImageObject\",\"inLanguage\":\"cs\",\"@id\":\"https:\\\/\\\/sinatraprague.cz\\\/cs\\\/cenik\\\/#primaryimage\",\"url\":\"https:\\\/\\\/sinatraprague.cz\\\/wp-content\\\/uploads\\\/2024\\\/04\\\/image-frame-04.png\",\"contentUrl\":\"https:\\\/\\\/sinatraprague.cz\\\/wp-content\\\/uploads\\\/2024\\\/04\\\/image-frame-04.png\"},{\"@type\":\"BreadcrumbList\",\"@id\":\"https:\\\/\\\/sinatraprague.cz\\\/cs\\\/cenik\\\/#breadcrumb\",\"itemListElement\":[{\"@type\":\"ListItem\",\"position\":1,\"name\":\"Home\",\"item\":\"https:\\\/\\\/sinatraprague.cz\\\/\"},{\"@type\":\"ListItem\",\"position\":2,\"name\":\"Cen\u00edk\"}]},{\"@type\":\"WebSite\",\"@id\":\"https:\\\/\\\/sinatraprague.cz\\\/#website\",\"url\":\"https:\\\/\\\/sinatraprague.cz\\\/\",\"name\":\"Sinatra Tribute\",\"description\":\"Official website\",\"publisher\":{\"@id\":\"https:\\\/\\\/sinatraprague.cz\\\/#organization\"},\"alternateName\":\"Koncert a ve\u010de\u0159e\",\"potentialAction\":[{\"@type\":\"SearchAction\",\"target\":{\"@type\":\"EntryPoint\",\"urlTemplate\":\"https:\\\/\\\/sinatraprague.cz\\\/?s={search_term_string}\"},\"query-input\":{\"@type\":\"PropertyValueSpecification\",\"valueRequired\":true,\"valueName\":\"search_term_string\"}}],\"inLanguage\":\"cs\"},{\"@type\":\"Organization\",\"@id\":\"https:\\\/\\\/sinatraprague.cz\\\/#organization\",\"name\":\"Sinatra Tribute Praha\",\"alternateName\":\"Koncert a ve\u010de\u0159e\",\"url\":\"https:\\\/\\\/sinatraprague.cz\\\/\",\"logo\":{\"@type\":\"ImageObject\",\"inLanguage\":\"cs\",\"@id\":\"https:\\\/\\\/sinatraprague.cz\\\/#\\\/schema\\\/logo\\\/image\\\/\",\"url\":\"https:\\\/\\\/sinatraprague.cz\\\/wp-content\\\/uploads\\\/2024\\\/04\\\/ST-logo-black.svg\",\"contentUrl\":\"https:\\\/\\\/sinatraprague.cz\\\/wp-content\\\/uploads\\\/2024\\\/04\\\/ST-logo-black.svg\",\"width\":1,\"height\":1,\"caption\":\"Sinatra Tribute Praha\"},\"image\":{\"@id\":\"https:\\\/\\\/sinatraprague.cz\\\/#\\\/schema\\\/logo\\\/image\\\/\"},\"sameAs\":[\"https:\\\/\\\/www.facebook.com\\\/SinatraTributePrague\"]}]}<\/script>\n<!-- \/ Yoast SEO plugin. -->","yoast_head_json":{"title":"Cen\u00edk - Sinatra Prague","robots":{"index":"index","follow":"follow","max-snippet":"max-snippet:-1","max-image-preview":"max-image-preview:large","max-video-preview":"max-video-preview:-1"},"canonical":"https:\/\/sinatraprague.cz\/cs\/cenik\/","og_locale":"cs_CZ","og_type":"article","og_title":"Cen\u00edk - Sinatra Prague","og_description":"Cen\u00edk Vstupenka na koncert s ve\u010de\u0159\u00ed a uv\u00edtac\u00edm n\u00e1pojem 1 osoba u stolu pro dva \u2013 2 360 K\u010d 1 osoba u stolu pro dva s omezenou viditelnost\u00ed \u2013 2 060 K\u010d 1 osoba u stolu pro osm ve t\u0159et\u00ed \u0159ad\u011b \u2013 2 060 K\u010d 1 osoba u stolu pro osm ve \u010dtvrt\u00e9 \u0159ad\u011b \u2013 [&hellip;]","og_url":"https:\/\/sinatraprague.cz\/cs\/cenik\/","og_site_name":"Sinatra Prague","article_publisher":"https:\/\/www.facebook.com\/SinatraTributePrague","article_modified_time":"2026-05-05T19:36:51+00:00","og_image":[{"width":742,"height":555,"url":"https:\/\/sinatraprague.cz\/wp-content\/uploads\/2024\/04\/image-frame-04.png","type":"image\/png"}],"twitter_card":"summary_large_image","twitter_misc":{"Odhadovan\u00e1 doba \u010dten\u00ed":"2 minuty"},"schema":{"@context":"https:\/\/schema.org","@graph":[{"@type":"WebPage","@id":"https:\/\/sinatraprague.cz\/cs\/cenik\/","url":"https:\/\/sinatraprague.cz\/cs\/cenik\/","name":"Cen\u00edk - Sinatra Prague","isPartOf":{"@id":"https:\/\/sinatraprague.cz\/#website"},"primaryImageOfPage":{"@id":"https:\/\/sinatraprague.cz\/cs\/cenik\/#primaryimage"},"image":{"@id":"https:\/\/sinatraprague.cz\/cs\/cenik\/#primaryimage"},"thumbnailUrl":"https:\/\/sinatraprague.cz\/wp-content\/uploads\/2024\/04\/image-frame-04.png","datePublished":"2024-04-12T11:48:19+00:00","dateModified":"2026-05-05T19:36:51+00:00","breadcrumb":{"@id":"https:\/\/sinatraprague.cz\/cs\/cenik\/#breadcrumb"},"inLanguage":"cs","potentialAction":[{"@type":"ReadAction","target":["https:\/\/sinatraprague.cz\/cs\/cenik\/"]}]},{"@type":"ImageObject","inLanguage":"cs","@id":"https:\/\/sinatraprague.cz\/cs\/cenik\/#primaryimage","url":"https:\/\/sinatraprague.cz\/wp-content\/uploads\/2024\/04\/image-frame-04.png","contentUrl":"https:\/\/sinatraprague.cz\/wp-content\/uploads\/2024\/04\/image-frame-04.png"},{"@type":"BreadcrumbList","@id":"https:\/\/sinatraprague.cz\/cs\/cenik\/#breadcrumb","itemListElement":[{"@type":"ListItem","position":1,"name":"Home","item":"https:\/\/sinatraprague.cz\/"},{"@type":"ListItem","position":2,"name":"Cen\u00edk"}]},{"@type":"WebSite","@id":"https:\/\/sinatraprague.cz\/#website","url":"https:\/\/sinatraprague.cz\/","name":"Sinatra Tribute","description":"Official website","publisher":{"@id":"https:\/\/sinatraprague.cz\/#organization"},"alternateName":"Koncert a ve\u010de\u0159e","potentialAction":[{"@type":"SearchAction","target":{"@type":"EntryPoint","urlTemplate":"https:\/\/sinatraprague.cz\/?s={search_term_string}"},"query-input":{"@type":"PropertyValueSpecification","valueRequired":true,"valueName":"search_term_string"}}],"inLanguage":"cs"},{"@type":"Organization","@id":"https:\/\/sinatraprague.cz\/#organization","name":"Sinatra Tribute Praha","alternateName":"Koncert a ve\u010de\u0159e","url":"https:\/\/sinatraprague.cz\/","logo":{"@type":"ImageObject","inLanguage":"cs","@id":"https:\/\/sinatraprague.cz\/#\/schema\/logo\/image\/","url":"https:\/\/sinatraprague.cz\/wp-content\/uploads\/2024\/04\/ST-logo-black.svg","contentUrl":"https:\/\/sinatraprague.cz\/wp-content\/uploads\/2024\/04\/ST-logo-black.svg","width":1,"height":1,"caption":"Sinatra Tribute Praha"},"image":{"@id":"https:\/\/sinatraprague.cz\/#\/schema\/logo\/image\/"},"sameAs":["https:\/\/www.facebook.com\/SinatraTributePrague"]}]}},"publishpress_future_workflow_manual_trigger":{"enabledWorkflows":[]},"_links":{"self":[{"href":"https:\/\/sinatraprague.cz\/cs\/wp-json\/wp\/v2\/pages\/22758","targetHints":{"allow":["GET"]}}],"collection":[{"href":"https:\/\/sinatraprague.cz\/cs\/wp-json\/wp\/v2\/pages"}],"about":[{"href":"https:\/\/sinatraprague.cz\/cs\/wp-json\/wp\/v2\/types\/page"}],"author":[{"embeddable":true,"href":"https:\/\/sinatraprague.cz\/cs\/wp-json\/wp\/v2\/users\/14"}],"replies":[{"embeddable":true,"href":"https:\/\/sinatraprague.cz\/cs\/wp-json\/wp\/v2\/comments?post=22758"}],"version-history":[{"count":82,"href":"https:\/\/sinatraprague.cz\/cs\/wp-json\/wp\/v2\/pages\/22758\/revisions"}],"predecessor-version":[{"id":28228,"href":"https:\/\/sinatraprague.cz\/cs\/wp-json\/wp\/v2\/pages\/22758\/revisions\/28228"}],"wp:attachment":[{"href":"https:\/\/sinatraprague.cz\/cs\/wp-json\/wp\/v2\/media?parent=22758"}],"curies":[{"name":"wp","href":"https:\/\/api.w.org\/{rel}","templated":true}]}}